{"id":8570,"date":"2024-05-07T14:15:40","date_gmt":"2024-05-07T14:15:40","guid":{"rendered":"https:\/\/luxuryinportugal.com\/pwinecastes\/product\/dows-vintage-2017\/"},"modified":"2024-05-25T16:22:54","modified_gmt":"2024-05-25T16:22:54","slug":"dows-vintage-2017","status":"publish","type":"product","link":"https:\/\/pwinecastes.com\/es\/product\/dows-vintage-2017\/","title":{"rendered":"Dow&#8217;s Vintage 2017"},"content":{"rendered":"<p>Vinho do Porto Dow&#8217;s Vintage 2017<\/p>\n<ul>\n<li><strong>Regi\u00f3n: <\/strong>Douro, Portugal.<\/li>\n<li><strong>Capacidad:<\/strong> 75 cL<\/li>\n<li><strong>Variedades de<\/strong> uva<strong>:<\/strong> Touriga Nacional, Touriga Franca, Sous\u00e3o, Alicante Bouschet y vi\u00f1as viejas con mezcla de variedades.<\/li>\n<li><strong>Graduaci\u00f3n alcoh\u00f3lica: <\/strong>20% Vol.<\/li>\n<li><strong>Nota de cata: <\/strong>En boca es corpulento, rico y potente, con frutos negros a la vista. La excelente madurez se equilibra con los taninos, que le confieren una excelente estructura.<\/li>\n<li><strong>Otros datos:<\/strong> Contiene sulfitos.<\/li>\n<\/ul>\n<p>&nbsp;<\/p>\n","protected":false},"excerpt":{"rendered":"<p>Vinho do Porto Dow&#8217;s Vintage 2017 Regi\u00f3n: Douro, Portugal. Capacidad: 75 cL Variedades de uva: Touriga Nacional, Touriga Franca, Sous\u00e3o, Alicante Bouschet y vi\u00f1as viejas con mezcla de variedades. Graduaci\u00f3n alcoh\u00f3lica: 20% Vol. Nota de cata: En boca es corpulento, rico y potente, con frutos negros a la vista. La excelente madurez se equilibra con [&hellip;]<\/p>\n","protected":false},"featured_media":9751,"template":"","meta":{"_monsterinsights_skip_tracking":false,"_monsterinsights_sitenote_active":false,"_monsterinsights_sitenote_note":"","_monsterinsights_sitenote_category":0},"product_brand":[],"product_cat":[225,209,212,360],"product_tag":[],"class_list":{"0":"post-8570","1":"product","2":"type-product","3":"status-publish","4":"has-post-thumbnail","6":"product_cat-oporto","7":"product_cat-pais-es-2","8":"product_cat-portugal-es-2","9":"product_cat-vintage-es","11":"first","12":"instock","13":"taxable","14":"shipping-taxable","15":"purchasable","16":"product-type-simple"},"aioseo_notices":[],"_links":{"self":[{"href":"https:\/\/pwinecastes.com\/es\/wp-json\/wp\/v2\/product\/8570","targetHints":{"allow":["GET"]}}],"collection":[{"href":"https:\/\/pwinecastes.com\/es\/wp-json\/wp\/v2\/product"}],"about":[{"href":"https:\/\/pwinecastes.com\/es\/wp-json\/wp\/v2\/types\/product"}],"version-history":[{"count":0,"href":"https:\/\/pwinecastes.com\/es\/wp-json\/wp\/v2\/product\/8570\/revisions"}],"wp:featuredmedia":[{"embeddable":true,"href":"https:\/\/pwinecastes.com\/es\/wp-json\/wp\/v2\/media\/9751"}],"wp:attachment":[{"href":"https:\/\/pwinecastes.com\/es\/wp-json\/wp\/v2\/media?parent=8570"}],"wp:term":[{"taxonomy":"product_brand","embeddable":true,"href":"https:\/\/pwinecastes.com\/es\/wp-json\/wp\/v2\/product_brand?post=8570"},{"taxonomy":"product_cat","embeddable":true,"href":"https:\/\/pwinecastes.com\/es\/wp-json\/wp\/v2\/product_cat?post=8570"},{"taxonomy":"product_tag","embeddable":true,"href":"https:\/\/pwinecastes.com\/es\/wp-json\/wp\/v2\/product_tag?post=8570"}],"curies":[{"name":"wp","href":"https:\/\/api.w.org\/{rel}","templated":true}]}}