{"id":8574,"date":"2024-05-07T14:25:21","date_gmt":"2024-05-07T14:25:21","guid":{"rendered":"https:\/\/luxuryinportugal.com\/pwinecastes\/product\/ferreira-vintage-2017\/"},"modified":"2024-05-25T16:22:44","modified_gmt":"2024-05-25T16:22:44","slug":"ferreira-vintage-2017","status":"publish","type":"product","link":"https:\/\/pwinecastes.com\/es\/product\/ferreira-vintage-2017\/","title":{"rendered":"Ferreira Vintage 2017"},"content":{"rendered":"<p>Vinho do Porto Ferreira Vintage 2017<\/p>\n<ul>\n<li><strong>Regi\u00f3n: <\/strong>Douro, Portugal.<\/li>\n<li><strong>Capacidad:<\/strong> 75 cL<\/li>\n<li><strong>Variedades de uva:<\/strong> Touriga Franca, Touriga Nacional, Tinta Roriz y Sous\u00e3o.<\/li>\n<li><strong>Graduaci\u00f3n alcoh\u00f3lica: <\/strong>20% Vol.<\/li>\n<li><strong>Nota de cata: <\/strong>Este vino es el carmes\u00ed m\u00e1s profundo, de color casi opaco. En nariz muestra una gran intensidad, complejidad y armon\u00eda. Predominio de notas florales, especialmente rosa de piedra y brezo, as\u00ed como c\u00e1lidas notas de cedro procedentes de su paso por barrica.<\/li>\n<li><strong>Maridaje: <\/strong>Combina bien con quesos ricos como el Queijo da Serra.<\/li>\n<li><strong>Otros datos:<\/strong> Contiene sulfitos.<\/li>\n<\/ul>\n","protected":false},"excerpt":{"rendered":"<p>Vinho do Porto Ferreira Vintage 2017 Regi\u00f3n: Douro, Portugal. Capacidad: 75 cL Variedades de uva: Touriga Franca, Touriga Nacional, Tinta Roriz y Sous\u00e3o. Graduaci\u00f3n alcoh\u00f3lica: 20% Vol. Nota de cata: Este vino es el carmes\u00ed m\u00e1s profundo, de color casi opaco. En nariz muestra una gran intensidad, complejidad y armon\u00eda. Predominio de notas florales, especialmente [&hellip;]<\/p>\n","protected":false},"featured_media":9777,"template":"","meta":{"_monsterinsights_skip_tracking":false,"_monsterinsights_sitenote_active":false,"_monsterinsights_sitenote_note":"","_monsterinsights_sitenote_category":0},"product_brand":[],"product_cat":[225,209,212,360],"product_tag":[],"class_list":{"0":"post-8574","1":"product","2":"type-product","3":"status-publish","4":"has-post-thumbnail","6":"product_cat-oporto","7":"product_cat-pais-es-2","8":"product_cat-portugal-es-2","9":"product_cat-vintage-es","11":"first","12":"instock","13":"taxable","14":"shipping-taxable","15":"purchasable","16":"product-type-simple"},"aioseo_notices":[],"_links":{"self":[{"href":"https:\/\/pwinecastes.com\/es\/wp-json\/wp\/v2\/product\/8574","targetHints":{"allow":["GET"]}}],"collection":[{"href":"https:\/\/pwinecastes.com\/es\/wp-json\/wp\/v2\/product"}],"about":[{"href":"https:\/\/pwinecastes.com\/es\/wp-json\/wp\/v2\/types\/product"}],"version-history":[{"count":0,"href":"https:\/\/pwinecastes.com\/es\/wp-json\/wp\/v2\/product\/8574\/revisions"}],"wp:featuredmedia":[{"embeddable":true,"href":"https:\/\/pwinecastes.com\/es\/wp-json\/wp\/v2\/media\/9777"}],"wp:attachment":[{"href":"https:\/\/pwinecastes.com\/es\/wp-json\/wp\/v2\/media?parent=8574"}],"wp:term":[{"taxonomy":"product_brand","embeddable":true,"href":"https:\/\/pwinecastes.com\/es\/wp-json\/wp\/v2\/product_brand?post=8574"},{"taxonomy":"product_cat","embeddable":true,"href":"https:\/\/pwinecastes.com\/es\/wp-json\/wp\/v2\/product_cat?post=8574"},{"taxonomy":"product_tag","embeddable":true,"href":"https:\/\/pwinecastes.com\/es\/wp-json\/wp\/v2\/product_tag?post=8574"}],"curies":[{"name":"wp","href":"https:\/\/api.w.org\/{rel}","templated":true}]}}