{"id":8582,"date":"2024-05-07T14:43:57","date_gmt":"2024-05-07T14:43:57","guid":{"rendered":"https:\/\/luxuryinportugal.com\/pwinecastes\/product\/cosecha-de-graham-2017\/"},"modified":"2024-05-25T16:22:10","modified_gmt":"2024-05-25T16:22:10","slug":"cosecha-de-graham-2017","status":"publish","type":"product","link":"https:\/\/pwinecastes.com\/es\/product\/cosecha-de-graham-2017\/","title":{"rendered":"Cosecha de Graham 2017"},"content":{"rendered":"<p>Oporto Vintage 2017 de Graham<\/p>\n<ul>\n<li><strong>Regi\u00f3n: <\/strong>Douro, Portugal.<\/li>\n<li><strong>Capacidad:<\/strong> 75 cL<\/li>\n<li><strong>Variedades de uva: <\/strong>Touriga Franca, Touriga Nacional, Sous\u00e3o y Vinhas Velhas.<\/li>\n<li><strong>Graduaci\u00f3n alcoh\u00f3lica: <\/strong>20% Vol.<\/li>\n<li><strong>Nota de cata<\/strong>: De color p\u00farpura intenso y con una viscosidad que refleja una gran concentraci\u00f3n, del c\u00e1liz saltan aromas de mora, ciruela negra y bergamota. En boca presenta capas de frutas negras, realzadas por notas frescas de albaricoque.<\/li>\n<li><strong>Maridaje: <\/strong>Combina bien con dulces y postres.<\/li>\n<li><strong>Otros datos:<\/strong> Contiene sulfitos.<\/li>\n<\/ul>\n","protected":false},"excerpt":{"rendered":"<p>Oporto Vintage 2017 de Graham Regi\u00f3n: Douro, Portugal. Capacidad: 75 cL Variedades de uva: Touriga Franca, Touriga Nacional, Sous\u00e3o y Vinhas Velhas. Graduaci\u00f3n alcoh\u00f3lica: 20% Vol. Nota de cata: De color p\u00farpura intenso y con una viscosidad que refleja una gran concentraci\u00f3n, del c\u00e1liz saltan aromas de mora, ciruela negra y bergamota. En boca presenta [&hellip;]<\/p>\n","protected":false},"featured_media":9845,"template":"","meta":{"_monsterinsights_skip_tracking":false,"_monsterinsights_sitenote_active":false,"_monsterinsights_sitenote_note":"","_monsterinsights_sitenote_category":0},"product_brand":[],"product_cat":[225,209,212,360],"product_tag":[],"class_list":{"0":"post-8582","1":"product","2":"type-product","3":"status-publish","4":"has-post-thumbnail","6":"product_cat-oporto","7":"product_cat-pais-es-2","8":"product_cat-portugal-es-2","9":"product_cat-vintage-es","11":"first","12":"instock","13":"taxable","14":"shipping-taxable","15":"purchasable","16":"product-type-simple"},"aioseo_notices":[],"_links":{"self":[{"href":"https:\/\/pwinecastes.com\/es\/wp-json\/wp\/v2\/product\/8582","targetHints":{"allow":["GET"]}}],"collection":[{"href":"https:\/\/pwinecastes.com\/es\/wp-json\/wp\/v2\/product"}],"about":[{"href":"https:\/\/pwinecastes.com\/es\/wp-json\/wp\/v2\/types\/product"}],"version-history":[{"count":0,"href":"https:\/\/pwinecastes.com\/es\/wp-json\/wp\/v2\/product\/8582\/revisions"}],"wp:featuredmedia":[{"embeddable":true,"href":"https:\/\/pwinecastes.com\/es\/wp-json\/wp\/v2\/media\/9845"}],"wp:attachment":[{"href":"https:\/\/pwinecastes.com\/es\/wp-json\/wp\/v2\/media?parent=8582"}],"wp:term":[{"taxonomy":"product_brand","embeddable":true,"href":"https:\/\/pwinecastes.com\/es\/wp-json\/wp\/v2\/product_brand?post=8582"},{"taxonomy":"product_cat","embeddable":true,"href":"https:\/\/pwinecastes.com\/es\/wp-json\/wp\/v2\/product_cat?post=8582"},{"taxonomy":"product_tag","embeddable":true,"href":"https:\/\/pwinecastes.com\/es\/wp-json\/wp\/v2\/product_tag?post=8582"}],"curies":[{"name":"wp","href":"https:\/\/api.w.org\/{rel}","templated":true}]}}