{"id":8618,"date":"2024-05-08T14:27:18","date_gmt":"2024-05-08T14:27:18","guid":{"rendered":"https:\/\/luxuryinportugal.com\/pwinecastes\/product\/glenmorangie-10-anos\/"},"modified":"2024-06-15T14:07:35","modified_gmt":"2024-06-15T14:07:35","slug":"glenmorangie-10-anos","status":"publish","type":"product","link":"https:\/\/pwinecastes.com\/es\/product\/glenmorangie-10-anos\/","title":{"rendered":"Glenmorangie 10 Anos"},"content":{"rendered":"<p>Whisky Glenmorangie 10 Anos<\/p>\n<ul>\n<li><strong>Regi\u00f3n: <\/strong>Escocia.<\/li>\n<li><strong>Capacidad:<\/strong> 0,70 l<\/li>\n<li><strong>Contenido de alcohol: <\/strong>40% vol.<\/li>\n<li><strong>Notas de cata: <\/strong>El <strong>aroma<\/strong> de los c\u00edtricos y los melocotones maduros se suaviza con el aroma de la vainilla. <strong>Sabor<\/strong>: primero se detecta la vainilla en la lengua antes de ondular por el paladar con una explosi\u00f3n de fruta frondosa. <strong>Regusto<\/strong>: Aproximadamente un minuto despu\u00e9s de la degustaci\u00f3n, queda un sabor limpio y suave con toques de naranja y melocot\u00f3n.<\/li>\n<li><strong>Informaci\u00f3n adicional:<\/strong> Contiene sulfitos.<\/li>\n<\/ul>\n","protected":false},"excerpt":{"rendered":"<p>Whisky Glenmorangie 10 Anos Regi\u00f3n: Escocia. Capacidad: 0,70 l Contenido de alcohol: 40% vol. Notas de cata: El aroma de los c\u00edtricos y los melocotones maduros se suaviza con el aroma de la vainilla. Sabor: primero se detecta la vainilla en la lengua antes de ondular por el paladar con una explosi\u00f3n de fruta frondosa. [&hellip;]<\/p>\n","protected":false},"featured_media":9072,"template":"","meta":{"_monsterinsights_skip_tracking":false,"_monsterinsights_sitenote_active":false,"_monsterinsights_sitenote_note":"","_monsterinsights_sitenote_category":0},"product_brand":[],"product_cat":[187,188,192],"product_tag":[],"class_list":{"0":"post-8618","1":"product","2":"type-product","3":"status-publish","4":"has-post-thumbnail","6":"product_cat-destilados","7":"product_cat-tipo-es","8":"product_cat-whisky-es","10":"first","11":"instock","12":"taxable","13":"shipping-taxable","14":"purchasable","15":"product-type-simple"},"aioseo_notices":[],"_links":{"self":[{"href":"https:\/\/pwinecastes.com\/es\/wp-json\/wp\/v2\/product\/8618","targetHints":{"allow":["GET"]}}],"collection":[{"href":"https:\/\/pwinecastes.com\/es\/wp-json\/wp\/v2\/product"}],"about":[{"href":"https:\/\/pwinecastes.com\/es\/wp-json\/wp\/v2\/types\/product"}],"version-history":[{"count":0,"href":"https:\/\/pwinecastes.com\/es\/wp-json\/wp\/v2\/product\/8618\/revisions"}],"wp:featuredmedia":[{"embeddable":true,"href":"https:\/\/pwinecastes.com\/es\/wp-json\/wp\/v2\/media\/9072"}],"wp:attachment":[{"href":"https:\/\/pwinecastes.com\/es\/wp-json\/wp\/v2\/media?parent=8618"}],"wp:term":[{"taxonomy":"product_brand","embeddable":true,"href":"https:\/\/pwinecastes.com\/es\/wp-json\/wp\/v2\/product_brand?post=8618"},{"taxonomy":"product_cat","embeddable":true,"href":"https:\/\/pwinecastes.com\/es\/wp-json\/wp\/v2\/product_cat?post=8618"},{"taxonomy":"product_tag","embeddable":true,"href":"https:\/\/pwinecastes.com\/es\/wp-json\/wp\/v2\/product_tag?post=8618"}],"curies":[{"name":"wp","href":"https:\/\/api.w.org\/{rel}","templated":true}]}}