{"id":8630,"date":"2024-05-08T17:01:58","date_gmt":"2024-05-08T17:01:58","guid":{"rendered":"https:\/\/luxuryinportugal.com\/pwinecastes\/product\/macallan-15-anos-doble-barrica\/"},"modified":"2024-05-22T10:29:50","modified_gmt":"2024-05-22T10:29:50","slug":"macallan-15-anos-doble-barrica","status":"publish","type":"product","link":"https:\/\/pwinecastes.com\/es\/product\/macallan-15-anos-doble-barrica\/","title":{"rendered":"Macallan 15 A\u00f1os Doble Barrica"},"content":{"rendered":"<p>Whisky Macallan 15 A\u00f1os Doble Barrica<\/p>\n<ul>\n<li><strong>Regi\u00f3n: <\/strong>Escocia<\/li>\n<li><strong>Capacidad: <\/strong>0,70 l<\/li>\n<li><strong>Contenido de alcohol: <\/strong>43% Vol.<\/li>\n<li><strong>Nota de cata: <\/strong>The Macallan Double Cask 15 Years Old es una armoniosa combinaci\u00f3n de barricas. Rico en aromas de frutos secos, caramelo dorado y miel.Envejecido durante 15 a\u00f1os, contribuyendo a\u00fan m\u00e1s a la armon\u00eda entre los dos tipos de barricas.<\/li>\n<li><strong>Informaci\u00f3n adicional:<\/strong> Contiene sulfitos<\/li>\n<\/ul>\n","protected":false},"excerpt":{"rendered":"<p>Whisky Macallan 15 A\u00f1os Doble Barrica Regi\u00f3n: Escocia Capacidad: 0,70 l Contenido de alcohol: 43% Vol. Nota de cata: The Macallan Double Cask 15 Years Old es una armoniosa combinaci\u00f3n de barricas. Rico en aromas de frutos secos, caramelo dorado y miel.Envejecido durante 15 a\u00f1os, contribuyendo a\u00fan m\u00e1s a la armon\u00eda entre los dos tipos [&hellip;]<\/p>\n","protected":false},"featured_media":9119,"template":"","meta":{"_monsterinsights_skip_tracking":false,"_monsterinsights_sitenote_active":false,"_monsterinsights_sitenote_note":"","_monsterinsights_sitenote_category":0},"product_brand":[],"product_cat":[187,188,192],"product_tag":[],"class_list":{"0":"post-8630","1":"product","2":"type-product","3":"status-publish","4":"has-post-thumbnail","6":"product_cat-destilados","7":"product_cat-tipo-es","8":"product_cat-whisky-es","10":"first","11":"instock","12":"taxable","13":"shipping-taxable","14":"purchasable","15":"product-type-simple"},"aioseo_notices":[],"_links":{"self":[{"href":"https:\/\/pwinecastes.com\/es\/wp-json\/wp\/v2\/product\/8630","targetHints":{"allow":["GET"]}}],"collection":[{"href":"https:\/\/pwinecastes.com\/es\/wp-json\/wp\/v2\/product"}],"about":[{"href":"https:\/\/pwinecastes.com\/es\/wp-json\/wp\/v2\/types\/product"}],"version-history":[{"count":0,"href":"https:\/\/pwinecastes.com\/es\/wp-json\/wp\/v2\/product\/8630\/revisions"}],"wp:featuredmedia":[{"embeddable":true,"href":"https:\/\/pwinecastes.com\/es\/wp-json\/wp\/v2\/media\/9119"}],"wp:attachment":[{"href":"https:\/\/pwinecastes.com\/es\/wp-json\/wp\/v2\/media?parent=8630"}],"wp:term":[{"taxonomy":"product_brand","embeddable":true,"href":"https:\/\/pwinecastes.com\/es\/wp-json\/wp\/v2\/product_brand?post=8630"},{"taxonomy":"product_cat","embeddable":true,"href":"https:\/\/pwinecastes.com\/es\/wp-json\/wp\/v2\/product_cat?post=8630"},{"taxonomy":"product_tag","embeddable":true,"href":"https:\/\/pwinecastes.com\/es\/wp-json\/wp\/v2\/product_tag?post=8630"}],"curies":[{"name":"wp","href":"https:\/\/api.w.org\/{rel}","templated":true}]}}