{"id":8641,"date":"2024-05-08T17:25:16","date_gmt":"2024-05-08T17:25:16","guid":{"rendered":"https:\/\/luxuryinportugal.com\/pwinecastes\/product\/macallan-barrica-rara\/"},"modified":"2024-05-22T10:21:17","modified_gmt":"2024-05-22T10:21:17","slug":"macallan-barrica-rara","status":"publish","type":"product","link":"https:\/\/pwinecastes.com\/es\/product\/macallan-barrica-rara\/","title":{"rendered":"Macallan Barrica Rara"},"content":{"rendered":"<p>Whisky Macallan Rare Cask<\/p>\n<ul>\n<li><strong>Regi\u00f3n: <\/strong>Escocia<\/li>\n<li><strong>Capacidad:<\/strong> 0,70 litros<\/li>\n<li><strong><strong>Contenido de alcohol: <\/strong><\/strong>43%Vol.<\/li>\n<li><strong>Notas de cata: <\/strong>Color rojo rub\u00ed, con suaves notas de opulenta vainilla y pasas dan paso a una dulce combinaci\u00f3n de manzana, lim\u00f3n y naranja.\u00a0Todo equilibrado por un cuarteto especiado de ra\u00edz de jengibre, canela, nuez moscada y clavo. Este cuarteto picante es inquebrantable. El roble resuena, intemporal, pulido y rico. La vainilla y el chocolate protagonizan el final, junto con un ligero toque c\u00edtrico.<\/li>\n<li><strong>Informaci\u00f3n adicional<\/strong> Contiene sulfitos<\/li>\n<\/ul>\n","protected":false},"excerpt":{"rendered":"<p>Whisky Macallan Rare Cask Regi\u00f3n: Escocia Capacidad: 0,70 litros Contenido de alcohol: 43%Vol. Notas de cata: Color rojo rub\u00ed, con suaves notas de opulenta vainilla y pasas dan paso a una dulce combinaci\u00f3n de manzana, lim\u00f3n y naranja.\u00a0Todo equilibrado por un cuarteto especiado de ra\u00edz de jengibre, canela, nuez moscada y clavo. Este cuarteto picante [&hellip;]<\/p>\n","protected":false},"featured_media":9163,"template":"","meta":{"_monsterinsights_skip_tracking":false,"_monsterinsights_sitenote_active":false,"_monsterinsights_sitenote_note":"","_monsterinsights_sitenote_category":0},"product_brand":[],"product_cat":[187,188,192],"product_tag":[],"class_list":{"0":"post-8641","1":"product","2":"type-product","3":"status-publish","4":"has-post-thumbnail","6":"product_cat-destilados","7":"product_cat-tipo-es","8":"product_cat-whisky-es","10":"first","11":"instock","12":"taxable","13":"shipping-taxable","14":"purchasable","15":"product-type-simple"},"aioseo_notices":[],"_links":{"self":[{"href":"https:\/\/pwinecastes.com\/es\/wp-json\/wp\/v2\/product\/8641","targetHints":{"allow":["GET"]}}],"collection":[{"href":"https:\/\/pwinecastes.com\/es\/wp-json\/wp\/v2\/product"}],"about":[{"href":"https:\/\/pwinecastes.com\/es\/wp-json\/wp\/v2\/types\/product"}],"version-history":[{"count":0,"href":"https:\/\/pwinecastes.com\/es\/wp-json\/wp\/v2\/product\/8641\/revisions"}],"wp:featuredmedia":[{"embeddable":true,"href":"https:\/\/pwinecastes.com\/es\/wp-json\/wp\/v2\/media\/9163"}],"wp:attachment":[{"href":"https:\/\/pwinecastes.com\/es\/wp-json\/wp\/v2\/media?parent=8641"}],"wp:term":[{"taxonomy":"product_brand","embeddable":true,"href":"https:\/\/pwinecastes.com\/es\/wp-json\/wp\/v2\/product_brand?post=8641"},{"taxonomy":"product_cat","embeddable":true,"href":"https:\/\/pwinecastes.com\/es\/wp-json\/wp\/v2\/product_cat?post=8641"},{"taxonomy":"product_tag","embeddable":true,"href":"https:\/\/pwinecastes.com\/es\/wp-json\/wp\/v2\/product_tag?post=8641"}],"curies":[{"name":"wp","href":"https:\/\/api.w.org\/{rel}","templated":true}]}}