{"id":8645,"date":"2024-05-08T17:37:34","date_gmt":"2024-05-08T17:37:34","guid":{"rendered":"https:\/\/luxuryinportugal.com\/pwinecastes\/product\/nikka-taketsuru-pure-malt\/"},"modified":"2024-05-22T10:16:50","modified_gmt":"2024-05-22T10:16:50","slug":"nikka-taketsuru-pure-malt","status":"publish","type":"product","link":"https:\/\/pwinecastes.com\/es\/product\/nikka-taketsuru-pure-malt\/","title":{"rendered":"Nikka Taketsuru Pure Malt"},"content":{"rendered":"<p>Whisky de Malta Puro Nikka Taketsuru<\/p>\n<ul>\n<li><strong>Regi\u00f3n: <\/strong>Jap\u00e3o<\/li>\n<li><strong>Capacidad: <\/strong>0,50 litros<\/li>\n<li><strong>Contenido de alcohol: <\/strong>51,4% Vol.<\/li>\n<li><strong>Nota de cata: <\/strong>Se trata de un whisky japon\u00e9s de color oro viejo con un brillo ambarino. Refinado y complejo.Notas florales (lila), frutales (albaricoque) y especiadas (clavo) y cori\u00e1ceas. Potente, firme. Picante (chile). Le\u00f1oso. Fruta madura (melocot\u00f3n), manzana caramelizada y flores (madreselva). Final largo. Notas marinas. Fruta madura (ciruela, melocot\u00f3n) sobre un fondo amaderado de vainilla.<\/li>\n<li><strong>Informaci\u00f3n adicional<\/strong> Contiene sulfitos<\/li>\n<\/ul>\n","protected":false},"excerpt":{"rendered":"<p>Whisky de Malta Puro Nikka Taketsuru Regi\u00f3n: Jap\u00e3o Capacidad: 0,50 litros Contenido de alcohol: 51,4% Vol. Nota de cata: Se trata de un whisky japon\u00e9s de color oro viejo con un brillo ambarino. Refinado y complejo.Notas florales (lila), frutales (albaricoque) y especiadas (clavo) y cori\u00e1ceas. Potente, firme. Picante (chile). Le\u00f1oso. Fruta madura (melocot\u00f3n), manzana caramelizada [&hellip;]<\/p>\n","protected":false},"featured_media":9192,"template":"","meta":{"_monsterinsights_skip_tracking":false,"_monsterinsights_sitenote_active":false,"_monsterinsights_sitenote_note":"","_monsterinsights_sitenote_category":0},"product_brand":[],"product_cat":[187,188,192],"product_tag":[],"class_list":{"0":"post-8645","1":"product","2":"type-product","3":"status-publish","4":"has-post-thumbnail","6":"product_cat-destilados","7":"product_cat-tipo-es","8":"product_cat-whisky-es","10":"first","11":"instock","12":"taxable","13":"shipping-taxable","14":"purchasable","15":"product-type-simple"},"aioseo_notices":[],"_links":{"self":[{"href":"https:\/\/pwinecastes.com\/es\/wp-json\/wp\/v2\/product\/8645","targetHints":{"allow":["GET"]}}],"collection":[{"href":"https:\/\/pwinecastes.com\/es\/wp-json\/wp\/v2\/product"}],"about":[{"href":"https:\/\/pwinecastes.com\/es\/wp-json\/wp\/v2\/types\/product"}],"version-history":[{"count":0,"href":"https:\/\/pwinecastes.com\/es\/wp-json\/wp\/v2\/product\/8645\/revisions"}],"wp:featuredmedia":[{"embeddable":true,"href":"https:\/\/pwinecastes.com\/es\/wp-json\/wp\/v2\/media\/9192"}],"wp:attachment":[{"href":"https:\/\/pwinecastes.com\/es\/wp-json\/wp\/v2\/media?parent=8645"}],"wp:term":[{"taxonomy":"product_brand","embeddable":true,"href":"https:\/\/pwinecastes.com\/es\/wp-json\/wp\/v2\/product_brand?post=8645"},{"taxonomy":"product_cat","embeddable":true,"href":"https:\/\/pwinecastes.com\/es\/wp-json\/wp\/v2\/product_cat?post=8645"},{"taxonomy":"product_tag","embeddable":true,"href":"https:\/\/pwinecastes.com\/es\/wp-json\/wp\/v2\/product_tag?post=8645"}],"curies":[{"name":"wp","href":"https:\/\/api.w.org\/{rel}","templated":true}]}}