{"id":8654,"date":"2024-05-09T09:40:31","date_gmt":"2024-05-09T09:40:31","guid":{"rendered":"https:\/\/luxuryinportugal.com\/pwinecastes\/product\/el-sacristan\/"},"modified":"2024-05-22T10:04:15","modified_gmt":"2024-05-22T10:04:15","slug":"el-sacristan","status":"publish","type":"product","link":"https:\/\/pwinecastes.com\/es\/product\/el-sacristan\/","title":{"rendered":"El sacrist\u00e1n"},"content":{"rendered":"<p>Whisky The Sexton<\/p>\n<ul>\n<li><strong>Regi\u00f3n: <\/strong>Irlanda.<\/li>\n<li><strong>Capacidad: <\/strong>0,70 litros<\/li>\n<li><strong>Contenido de alcohol: <\/strong>40% Vol.<\/li>\n<li><strong>Nota de cata: <\/strong>Elaborada con cebada malteada 100% irlandesa, triplemente destilada en alambiques de cobre. A continuaci\u00f3n, el l\u00edquido se envejece en barricas de jerez oloroso espa\u00f1ol, lo que le confiere un car\u00e1cter rico y afrutado.<\/li>\n<li><strong>Informaci\u00f3n adicional<\/strong> Contiene sulfitos<\/li>\n<\/ul>\n","protected":false},"excerpt":{"rendered":"<p>Whisky The Sexton Regi\u00f3n: Irlanda. Capacidad: 0,70 litros Contenido de alcohol: 40% Vol. Nota de cata: Elaborada con cebada malteada 100% irlandesa, triplemente destilada en alambiques de cobre. A continuaci\u00f3n, el l\u00edquido se envejece en barricas de jerez oloroso espa\u00f1ol, lo que le confiere un car\u00e1cter rico y afrutado. Informaci\u00f3n adicional Contiene sulfitos<\/p>\n","protected":false},"featured_media":9226,"template":"","meta":{"_monsterinsights_skip_tracking":false,"_monsterinsights_sitenote_active":false,"_monsterinsights_sitenote_note":"","_monsterinsights_sitenote_category":0},"product_brand":[],"product_cat":[187,188,192],"product_tag":[],"class_list":{"0":"post-8654","1":"product","2":"type-product","3":"status-publish","4":"has-post-thumbnail","6":"product_cat-destilados","7":"product_cat-tipo-es","8":"product_cat-whisky-es","10":"first","11":"instock","12":"taxable","13":"shipping-taxable","14":"purchasable","15":"product-type-simple"},"aioseo_notices":[],"_links":{"self":[{"href":"https:\/\/pwinecastes.com\/es\/wp-json\/wp\/v2\/product\/8654","targetHints":{"allow":["GET"]}}],"collection":[{"href":"https:\/\/pwinecastes.com\/es\/wp-json\/wp\/v2\/product"}],"about":[{"href":"https:\/\/pwinecastes.com\/es\/wp-json\/wp\/v2\/types\/product"}],"version-history":[{"count":0,"href":"https:\/\/pwinecastes.com\/es\/wp-json\/wp\/v2\/product\/8654\/revisions"}],"wp:featuredmedia":[{"embeddable":true,"href":"https:\/\/pwinecastes.com\/es\/wp-json\/wp\/v2\/media\/9226"}],"wp:attachment":[{"href":"https:\/\/pwinecastes.com\/es\/wp-json\/wp\/v2\/media?parent=8654"}],"wp:term":[{"taxonomy":"product_brand","embeddable":true,"href":"https:\/\/pwinecastes.com\/es\/wp-json\/wp\/v2\/product_brand?post=8654"},{"taxonomy":"product_cat","embeddable":true,"href":"https:\/\/pwinecastes.com\/es\/wp-json\/wp\/v2\/product_cat?post=8654"},{"taxonomy":"product_tag","embeddable":true,"href":"https:\/\/pwinecastes.com\/es\/wp-json\/wp\/v2\/product_tag?post=8654"}],"curies":[{"name":"wp","href":"https:\/\/api.w.org\/{rel}","templated":true}]}}