{"id":8658,"date":"2024-05-09T09:55:02","date_gmt":"2024-05-09T09:55:02","guid":{"rendered":"https:\/\/luxuryinportugal.com\/pwinecastes\/product\/el-verano-de-martin-miller\/"},"modified":"2024-05-21T14:53:34","modified_gmt":"2024-05-21T14:53:34","slug":"el-verano-de-martin-miller","status":"publish","type":"product","link":"https:\/\/pwinecastes.com\/es\/product\/el-verano-de-martin-miller\/","title":{"rendered":"El verano de Martin Miller"},"content":{"rendered":"<p>Gin Martin Miller&#8217;s Summerfull<\/p>\n<ul>\n<li><strong>Regi\u00f3n: <\/strong>Inglaterra<\/li>\n<li><strong>Capacidad: <\/strong>0,70 litros<\/li>\n<li><strong>Graduaci\u00f3n alcoh\u00f3lica:<\/strong> 40% Vol.<\/li>\n<li><strong>Notas de cata: <\/strong>El tomillo \u00e1rtico a\u00f1ade sabores florales a los aromas de lim\u00f3n y bals\u00e1micos del romero. Juntos, se equilibran con nuestro cl\u00e1sico perfil de enebro y c\u00edtricos. Refinadas notas florales y herb\u00e1ceas de lavanda y salvia con toques de menta. Dulzura suave con notas bals\u00e1micas y flores primaverales del campo. Frescura intensa.<\/li>\n<li><strong>Informaci\u00f3n adicional<\/strong> Contiene sulfitos<\/li>\n<\/ul>\n","protected":false},"excerpt":{"rendered":"<p>Gin Martin Miller&#8217;s Summerfull Regi\u00f3n: Inglaterra Capacidad: 0,70 litros Graduaci\u00f3n alcoh\u00f3lica: 40% Vol. Notas de cata: El tomillo \u00e1rtico a\u00f1ade sabores florales a los aromas de lim\u00f3n y bals\u00e1micos del romero. Juntos, se equilibran con nuestro cl\u00e1sico perfil de enebro y c\u00edtricos. Refinadas notas florales y herb\u00e1ceas de lavanda y salvia con toques de menta. [&hellip;]<\/p>\n","protected":false},"featured_media":10625,"template":"","meta":{"_monsterinsights_skip_tracking":false,"_monsterinsights_sitenote_active":false,"_monsterinsights_sitenote_note":"","_monsterinsights_sitenote_category":0},"product_brand":[],"product_cat":[187,190,188],"product_tag":[],"class_list":{"0":"post-8658","1":"product","2":"type-product","3":"status-publish","4":"has-post-thumbnail","6":"product_cat-destilados","7":"product_cat-gin-es","8":"product_cat-tipo-es","10":"first","11":"instock","12":"taxable","13":"shipping-taxable","14":"purchasable","15":"product-type-simple"},"aioseo_notices":[],"_links":{"self":[{"href":"https:\/\/pwinecastes.com\/es\/wp-json\/wp\/v2\/product\/8658","targetHints":{"allow":["GET"]}}],"collection":[{"href":"https:\/\/pwinecastes.com\/es\/wp-json\/wp\/v2\/product"}],"about":[{"href":"https:\/\/pwinecastes.com\/es\/wp-json\/wp\/v2\/types\/product"}],"version-history":[{"count":0,"href":"https:\/\/pwinecastes.com\/es\/wp-json\/wp\/v2\/product\/8658\/revisions"}],"wp:featuredmedia":[{"embeddable":true,"href":"https:\/\/pwinecastes.com\/es\/wp-json\/wp\/v2\/media\/10625"}],"wp:attachment":[{"href":"https:\/\/pwinecastes.com\/es\/wp-json\/wp\/v2\/media?parent=8658"}],"wp:term":[{"taxonomy":"product_brand","embeddable":true,"href":"https:\/\/pwinecastes.com\/es\/wp-json\/wp\/v2\/product_brand?post=8658"},{"taxonomy":"product_cat","embeddable":true,"href":"https:\/\/pwinecastes.com\/es\/wp-json\/wp\/v2\/product_cat?post=8658"},{"taxonomy":"product_tag","embeddable":true,"href":"https:\/\/pwinecastes.com\/es\/wp-json\/wp\/v2\/product_tag?post=8658"}],"curies":[{"name":"wp","href":"https:\/\/api.w.org\/{rel}","templated":true}]}}