{"id":8671,"date":"2024-05-09T10:12:58","date_gmt":"2024-05-09T10:12:58","guid":{"rendered":"https:\/\/luxuryinportugal.com\/pwinecastes\/product\/absolut-peppar\/"},"modified":"2024-05-17T13:37:29","modified_gmt":"2024-05-17T13:37:29","slug":"absolut-peppar","status":"publish","type":"product","link":"https:\/\/pwinecastes.com\/es\/product\/absolut-peppar\/","title":{"rendered":"Absolut Peppar"},"content":{"rendered":"<p>Vodka Absolut Peppar<\/p>\n<ul>\n<li><strong>Capacidad:<\/strong> 50cl<\/li>\n<li><strong>Graduaci\u00f3n alcoh\u00f3lica: <\/strong>40% Vol.<\/li>\n<li><strong>Nota de cata: <\/strong>Absolut Peppar es picante y arom\u00e1tico, con un marcado toque de guindilla.<\/li>\n<li><strong>Informaci\u00f3n adicional<\/strong> Contiene sulfitos<\/li>\n<\/ul>\n","protected":false},"excerpt":{"rendered":"<p>Vodka Absolut Peppar Capacidad: 50cl Graduaci\u00f3n alcoh\u00f3lica: 40% Vol. Nota de cata: Absolut Peppar es picante y arom\u00e1tico, con un marcado toque de guindilla. Informaci\u00f3n adicional Contiene sulfitos<\/p>\n","protected":false},"featured_media":10639,"template":"","meta":{"_monsterinsights_skip_tracking":false,"_monsterinsights_sitenote_active":false,"_monsterinsights_sitenote_note":"","_monsterinsights_sitenote_category":0},"product_brand":[],"product_cat":[187,188,191],"product_tag":[],"class_list":{"0":"post-8671","1":"product","2":"type-product","3":"status-publish","4":"has-post-thumbnail","6":"product_cat-destilados","7":"product_cat-tipo-es","8":"product_cat-vodka-es","10":"first","11":"instock","12":"taxable","13":"shipping-taxable","14":"purchasable","15":"product-type-simple"},"aioseo_notices":[],"_links":{"self":[{"href":"https:\/\/pwinecastes.com\/es\/wp-json\/wp\/v2\/product\/8671","targetHints":{"allow":["GET"]}}],"collection":[{"href":"https:\/\/pwinecastes.com\/es\/wp-json\/wp\/v2\/product"}],"about":[{"href":"https:\/\/pwinecastes.com\/es\/wp-json\/wp\/v2\/types\/product"}],"version-history":[{"count":0,"href":"https:\/\/pwinecastes.com\/es\/wp-json\/wp\/v2\/product\/8671\/revisions"}],"wp:featuredmedia":[{"embeddable":true,"href":"https:\/\/pwinecastes.com\/es\/wp-json\/wp\/v2\/media\/10639"}],"wp:attachment":[{"href":"https:\/\/pwinecastes.com\/es\/wp-json\/wp\/v2\/media?parent=8671"}],"wp:term":[{"taxonomy":"product_brand","embeddable":true,"href":"https:\/\/pwinecastes.com\/es\/wp-json\/wp\/v2\/product_brand?post=8671"},{"taxonomy":"product_cat","embeddable":true,"href":"https:\/\/pwinecastes.com\/es\/wp-json\/wp\/v2\/product_cat?post=8671"},{"taxonomy":"product_tag","embeddable":true,"href":"https:\/\/pwinecastes.com\/es\/wp-json\/wp\/v2\/product_tag?post=8671"}],"curies":[{"name":"wp","href":"https:\/\/api.w.org\/{rel}","templated":true}]}}