{"id":8686,"date":"2024-05-09T10:39:33","date_gmt":"2024-05-09T10:39:33","guid":{"rendered":"https:\/\/luxuryinportugal.com\/pwinecastes\/product\/reserva-de-aguardiente-adega-velha-6-anos\/"},"modified":"2024-05-09T10:39:33","modified_gmt":"2024-05-09T10:39:33","slug":"reserva-de-aguardiente-adega-velha-6-anos","status":"publish","type":"product","link":"https:\/\/pwinecastes.com\/es\/product\/reserva-de-aguardiente-adega-velha-6-anos\/","title":{"rendered":"Reserva de Aguardiente Adega Velha 6 A\u00f1os"},"content":{"rendered":"<p>Reserva de Aguardiente Adega Velha 6 A\u00f1os<\/p>\n<ul>\n<li><strong><strong>Regi\u00f3n: <\/strong><\/strong>Portugal<\/li>\n<li><strong>Capacidad: <\/strong>0,50 l<\/li>\n<li><strong>Graduaci\u00f3n alcoh\u00f3lica: <\/strong>40% Vol.<\/li>\n<li><strong>Nota de cata:<\/strong>Color dorado y aspecto claro. Tiene un bouquet joven y armonioso, que recuerda el aroma de notas tostadas de caf\u00e9 y frutos secos, rodeado de una suave sensaci\u00f3n de sabor a madera.<\/li>\n<li><strong>Informaci\u00f3n adicional<\/strong> Contiene sulfitos<\/li>\n<\/ul>\n","protected":false},"excerpt":{"rendered":"<p>Reserva de Aguardiente Adega Velha 6 A\u00f1os Regi\u00f3n: Portugal Capacidad: 0,50 l Graduaci\u00f3n alcoh\u00f3lica: 40% Vol. Nota de cata:Color dorado y aspecto claro. Tiene un bouquet joven y armonioso, que recuerda el aroma de notas tostadas de caf\u00e9 y frutos secos, rodeado de una suave sensaci\u00f3n de sabor a madera. Informaci\u00f3n adicional Contiene sulfitos<\/p>\n","protected":false},"featured_media":10664,"template":"","meta":{"_monsterinsights_skip_tracking":false,"_monsterinsights_sitenote_active":false,"_monsterinsights_sitenote_note":"","_monsterinsights_sitenote_category":0},"product_brand":[],"product_cat":[189,187,188],"product_tag":[],"class_list":{"0":"post-8686","1":"product","2":"type-product","3":"status-publish","4":"has-post-thumbnail","6":"product_cat-aguardiente","7":"product_cat-destilados","8":"product_cat-tipo-es","10":"first","11":"instock","12":"taxable","13":"shipping-taxable","14":"purchasable","15":"product-type-simple"},"aioseo_notices":[],"_links":{"self":[{"href":"https:\/\/pwinecastes.com\/es\/wp-json\/wp\/v2\/product\/8686","targetHints":{"allow":["GET"]}}],"collection":[{"href":"https:\/\/pwinecastes.com\/es\/wp-json\/wp\/v2\/product"}],"about":[{"href":"https:\/\/pwinecastes.com\/es\/wp-json\/wp\/v2\/types\/product"}],"version-history":[{"count":0,"href":"https:\/\/pwinecastes.com\/es\/wp-json\/wp\/v2\/product\/8686\/revisions"}],"wp:featuredmedia":[{"embeddable":true,"href":"https:\/\/pwinecastes.com\/es\/wp-json\/wp\/v2\/media\/10664"}],"wp:attachment":[{"href":"https:\/\/pwinecastes.com\/es\/wp-json\/wp\/v2\/media?parent=8686"}],"wp:term":[{"taxonomy":"product_brand","embeddable":true,"href":"https:\/\/pwinecastes.com\/es\/wp-json\/wp\/v2\/product_brand?post=8686"},{"taxonomy":"product_cat","embeddable":true,"href":"https:\/\/pwinecastes.com\/es\/wp-json\/wp\/v2\/product_cat?post=8686"},{"taxonomy":"product_tag","embeddable":true,"href":"https:\/\/pwinecastes.com\/es\/wp-json\/wp\/v2\/product_tag?post=8686"}],"curies":[{"name":"wp","href":"https:\/\/api.w.org\/{rel}","templated":true}]}}