{"id":8690,"date":"2024-05-09T10:54:34","date_gmt":"2024-05-09T10:54:34","guid":{"rendered":"https:\/\/luxuryinportugal.com\/pwinecastes\/product\/aguardente-vinica-velha-arche\/"},"modified":"2024-05-09T10:54:34","modified_gmt":"2024-05-09T10:54:34","slug":"aguardente-vinica-velha-arche","status":"publish","type":"product","link":"https:\/\/pwinecastes.com\/es\/product\/aguardente-vinica-velha-arche\/","title":{"rendered":"Aguardente V\u00ednica Velha Arch\u00e9"},"content":{"rendered":"<p>Brandy Viejo Arch\u00e9<\/p>\n<ul>\n<li><strong>Regi\u00f3n: <\/strong>Alentejo<\/li>\n<li><strong>Capacidad: <\/strong>0,70 litros<\/li>\n<li><strong>Teor Alco\u00f3lico:<\/strong> 38%<\/li>\n<li><strong>Nota de cata: <\/strong>Destilaci\u00f3n lenta y armoniosa y envejecimiento durante m\u00e1s de 10 a\u00f1os en barricas de roble franc\u00e9s Allier.<\/li>\n<li><strong>Informaci\u00f3n adicional<\/strong> Contiene sulfitos<\/li>\n<\/ul>\n<p>&nbsp;<\/p>\n","protected":false},"excerpt":{"rendered":"<p>Brandy Viejo Arch\u00e9 Regi\u00f3n: Alentejo Capacidad: 0,70 litros Teor Alco\u00f3lico: 38% Nota de cata: Destilaci\u00f3n lenta y armoniosa y envejecimiento durante m\u00e1s de 10 a\u00f1os en barricas de roble franc\u00e9s Allier. Informaci\u00f3n adicional Contiene sulfitos &nbsp;<\/p>\n","protected":false},"featured_media":10703,"template":"","meta":{"_monsterinsights_skip_tracking":false,"_monsterinsights_sitenote_active":false,"_monsterinsights_sitenote_note":"","_monsterinsights_sitenote_category":0},"product_brand":[],"product_cat":[189,187,188],"product_tag":[],"class_list":{"0":"post-8690","1":"product","2":"type-product","3":"status-publish","4":"has-post-thumbnail","6":"product_cat-aguardiente","7":"product_cat-destilados","8":"product_cat-tipo-es","10":"first","11":"instock","12":"taxable","13":"shipping-taxable","14":"purchasable","15":"product-type-simple"},"aioseo_notices":[],"_links":{"self":[{"href":"https:\/\/pwinecastes.com\/es\/wp-json\/wp\/v2\/product\/8690","targetHints":{"allow":["GET"]}}],"collection":[{"href":"https:\/\/pwinecastes.com\/es\/wp-json\/wp\/v2\/product"}],"about":[{"href":"https:\/\/pwinecastes.com\/es\/wp-json\/wp\/v2\/types\/product"}],"version-history":[{"count":0,"href":"https:\/\/pwinecastes.com\/es\/wp-json\/wp\/v2\/product\/8690\/revisions"}],"wp:featuredmedia":[{"embeddable":true,"href":"https:\/\/pwinecastes.com\/es\/wp-json\/wp\/v2\/media\/10703"}],"wp:attachment":[{"href":"https:\/\/pwinecastes.com\/es\/wp-json\/wp\/v2\/media?parent=8690"}],"wp:term":[{"taxonomy":"product_brand","embeddable":true,"href":"https:\/\/pwinecastes.com\/es\/wp-json\/wp\/v2\/product_brand?post=8690"},{"taxonomy":"product_cat","embeddable":true,"href":"https:\/\/pwinecastes.com\/es\/wp-json\/wp\/v2\/product_cat?post=8690"},{"taxonomy":"product_tag","embeddable":true,"href":"https:\/\/pwinecastes.com\/es\/wp-json\/wp\/v2\/product_tag?post=8690"}],"curies":[{"name":"wp","href":"https:\/\/api.w.org\/{rel}","templated":true}]}}