{"id":8700,"date":"2024-05-09T13:33:17","date_gmt":"2024-05-09T13:33:17","guid":{"rendered":"https:\/\/luxuryinportugal.com\/pwinecastes\/product\/aguardente-conde-de-vilar-xo-quinta-das-arcas\/"},"modified":"2024-05-09T13:33:17","modified_gmt":"2024-05-09T13:33:17","slug":"aguardente-conde-de-vilar-xo-quinta-das-arcas","status":"publish","type":"product","link":"https:\/\/pwinecastes.com\/es\/product\/aguardente-conde-de-vilar-xo-quinta-das-arcas\/","title":{"rendered":"Aguardente Conde de Vilar XO Quinta das Arcas"},"content":{"rendered":"<p>Aguardente Conde de Vilar XO Quinta das Arcas<\/p>\n<ul>\n<li><strong>Regi\u00f3n:<\/strong> Portugal<\/li>\n<li><strong>Capacidad: <\/strong>0,70 litros<\/li>\n<li><strong><strong>Graduaci\u00f3n alcoh\u00f3lica: <\/strong><\/strong>40% Vol.<\/li>\n<li><strong>Variedades de uva: <\/strong>Arinto, Loureiro y Trajadura<\/li>\n<li><strong>Nota de cata: <\/strong>\u00c1mbar muy claro con un sabor \u00e1cido muy consistente. Aroma intenso y bals\u00e1mico, con suaves notas de jazm\u00edn. En boca hay un equilibrio perfecto entre alcohol y amargor. A sua for\u00e7a \u00e9 progressiva e moldada por um corpo consistente.<\/li>\n<li><strong>Informaci\u00f3n adicional<\/strong> Contiene sulfitos<\/li>\n<\/ul>\n","protected":false},"excerpt":{"rendered":"<p>Aguardente Conde de Vilar XO Quinta das Arcas Regi\u00f3n: Portugal Capacidad: 0,70 litros Graduaci\u00f3n alcoh\u00f3lica: 40% Vol. Variedades de uva: Arinto, Loureiro y Trajadura Nota de cata: \u00c1mbar muy claro con un sabor \u00e1cido muy consistente. Aroma intenso y bals\u00e1mico, con suaves notas de jazm\u00edn. En boca hay un equilibrio perfecto entre alcohol y amargor. [&hellip;]<\/p>\n","protected":false},"featured_media":10743,"template":"","meta":{"_monsterinsights_skip_tracking":false,"_monsterinsights_sitenote_active":false,"_monsterinsights_sitenote_note":"","_monsterinsights_sitenote_category":0},"product_brand":[],"product_cat":[189,187,188],"product_tag":[],"class_list":{"0":"post-8700","1":"product","2":"type-product","3":"status-publish","4":"has-post-thumbnail","6":"product_cat-aguardiente","7":"product_cat-destilados","8":"product_cat-tipo-es","10":"first","11":"instock","12":"taxable","13":"shipping-taxable","14":"purchasable","15":"product-type-simple"},"aioseo_notices":[],"_links":{"self":[{"href":"https:\/\/pwinecastes.com\/es\/wp-json\/wp\/v2\/product\/8700","targetHints":{"allow":["GET"]}}],"collection":[{"href":"https:\/\/pwinecastes.com\/es\/wp-json\/wp\/v2\/product"}],"about":[{"href":"https:\/\/pwinecastes.com\/es\/wp-json\/wp\/v2\/types\/product"}],"version-history":[{"count":0,"href":"https:\/\/pwinecastes.com\/es\/wp-json\/wp\/v2\/product\/8700\/revisions"}],"wp:featuredmedia":[{"embeddable":true,"href":"https:\/\/pwinecastes.com\/es\/wp-json\/wp\/v2\/media\/10743"}],"wp:attachment":[{"href":"https:\/\/pwinecastes.com\/es\/wp-json\/wp\/v2\/media?parent=8700"}],"wp:term":[{"taxonomy":"product_brand","embeddable":true,"href":"https:\/\/pwinecastes.com\/es\/wp-json\/wp\/v2\/product_brand?post=8700"},{"taxonomy":"product_cat","embeddable":true,"href":"https:\/\/pwinecastes.com\/es\/wp-json\/wp\/v2\/product_cat?post=8700"},{"taxonomy":"product_tag","embeddable":true,"href":"https:\/\/pwinecastes.com\/es\/wp-json\/wp\/v2\/product_tag?post=8700"}],"curies":[{"name":"wp","href":"https:\/\/api.w.org\/{rel}","templated":true}]}}