{"id":8710,"date":"2024-05-09T14:14:53","date_gmt":"2024-05-09T14:14:53","guid":{"rendered":"https:\/\/luxuryinportugal.com\/pwinecastes\/product\/aguardiente-prestigio-sao-domingos\/"},"modified":"2024-05-09T14:14:53","modified_gmt":"2024-05-09T14:14:53","slug":"aguardiente-prestigio-sao-domingos","status":"publish","type":"product","link":"https:\/\/pwinecastes.com\/es\/product\/aguardiente-prestigio-sao-domingos\/","title":{"rendered":"Aguardiente Prest\u00edgio S\u00e3o Domingos"},"content":{"rendered":"<p>Aguardiente Prest\u00edgio S\u00e3o Domingos<\/p>\n<ul>\n<li><strong>Regi\u00f3n: <\/strong>Portugal<\/li>\n<li><strong><strong>Capacidad: <\/strong><\/strong>0.70L<\/li>\n<li><strong><strong>Graduaci\u00f3n alcoh\u00f3lica: <\/strong><\/strong>40% Vol<strong><strong>. <\/strong><\/strong> <\/li>\n<li><strong>Nota de cata: <\/strong>Color \u00e1mbar con toques dorados, notas de fruta y flores. Aroma suave y aterciopelado, finura y luminosidad excepcionales.<\/li>\n<li><strong>Informaci\u00f3n adicional<\/strong> Contiene sulfitos<\/li>\n<\/ul>\n<p>&nbsp;<\/p>\n","protected":false},"excerpt":{"rendered":"<p>Aguardiente Prest\u00edgio S\u00e3o Domingos Regi\u00f3n: Portugal Capacidad: 0.70L Graduaci\u00f3n alcoh\u00f3lica: 40% Vol. Nota de cata: Color \u00e1mbar con toques dorados, notas de fruta y flores. Aroma suave y aterciopelado, finura y luminosidad excepcionales. Informaci\u00f3n adicional Contiene sulfitos &nbsp;<\/p>\n","protected":false},"featured_media":10766,"template":"","meta":{"_monsterinsights_skip_tracking":false,"_monsterinsights_sitenote_active":false,"_monsterinsights_sitenote_note":"","_monsterinsights_sitenote_category":0},"product_brand":[],"product_cat":[189,187,188],"product_tag":[],"class_list":{"0":"post-8710","1":"product","2":"type-product","3":"status-publish","4":"has-post-thumbnail","6":"product_cat-aguardiente","7":"product_cat-destilados","8":"product_cat-tipo-es","10":"first","11":"instock","12":"taxable","13":"shipping-taxable","14":"purchasable","15":"product-type-simple"},"aioseo_notices":[],"_links":{"self":[{"href":"https:\/\/pwinecastes.com\/es\/wp-json\/wp\/v2\/product\/8710","targetHints":{"allow":["GET"]}}],"collection":[{"href":"https:\/\/pwinecastes.com\/es\/wp-json\/wp\/v2\/product"}],"about":[{"href":"https:\/\/pwinecastes.com\/es\/wp-json\/wp\/v2\/types\/product"}],"version-history":[{"count":0,"href":"https:\/\/pwinecastes.com\/es\/wp-json\/wp\/v2\/product\/8710\/revisions"}],"wp:featuredmedia":[{"embeddable":true,"href":"https:\/\/pwinecastes.com\/es\/wp-json\/wp\/v2\/media\/10766"}],"wp:attachment":[{"href":"https:\/\/pwinecastes.com\/es\/wp-json\/wp\/v2\/media?parent=8710"}],"wp:term":[{"taxonomy":"product_brand","embeddable":true,"href":"https:\/\/pwinecastes.com\/es\/wp-json\/wp\/v2\/product_brand?post=8710"},{"taxonomy":"product_cat","embeddable":true,"href":"https:\/\/pwinecastes.com\/es\/wp-json\/wp\/v2\/product_cat?post=8710"},{"taxonomy":"product_tag","embeddable":true,"href":"https:\/\/pwinecastes.com\/es\/wp-json\/wp\/v2\/product_tag?post=8710"}],"curies":[{"name":"wp","href":"https:\/\/api.w.org\/{rel}","templated":true}]}}