{"id":8719,"date":"2024-05-09T15:11:43","date_gmt":"2024-05-09T15:11:43","guid":{"rendered":"https:\/\/luxuryinportugal.com\/pwinecastes\/product\/brandy-velha-alianca-xo-20-anos\/"},"modified":"2024-05-09T15:11:43","modified_gmt":"2024-05-09T15:11:43","slug":"brandy-velha-alianca-xo-20-anos","status":"publish","type":"product","link":"https:\/\/pwinecastes.com\/es\/product\/brandy-velha-alianca-xo-20-anos\/","title":{"rendered":"Brandy Velha Alian\u00e7a XO 20 a\u00f1os"},"content":{"rendered":"<p>Brandy Velha Alian\u00e7a XO 20 a\u00f1os<\/p>\n<ul>\n<li><strong>Regi\u00e3o: <\/strong>Bacalh\u00f4a<\/li>\n<li><strong>Capacidad: <\/strong>0,50 l<\/li>\n<li><strong>Teor Alco\u00f3lico: <\/strong>40% vol.<\/li>\n<li><strong><strong>Notas de cata: <\/strong><\/strong>De color \u00e1mbar, con notas arom\u00e1ticas de frutos secos y notas bals\u00e1micas. En boca es serio, suave y con un final ligeramente seco.<\/li>\n<li><strong>Informaci\u00f3n adicional<\/strong> Contiene sulfitos<\/li>\n<\/ul>\n","protected":false},"excerpt":{"rendered":"<p>Brandy Velha Alian\u00e7a XO 20 a\u00f1os Regi\u00e3o: Bacalh\u00f4a Capacidad: 0,50 l Teor Alco\u00f3lico: 40% vol. Notas de cata: De color \u00e1mbar, con notas arom\u00e1ticas de frutos secos y notas bals\u00e1micas. En boca es serio, suave y con un final ligeramente seco. Informaci\u00f3n adicional Contiene sulfitos<\/p>\n","protected":false},"featured_media":10782,"template":"","meta":{"_monsterinsights_skip_tracking":false,"_monsterinsights_sitenote_active":false,"_monsterinsights_sitenote_note":"","_monsterinsights_sitenote_category":0},"product_brand":[],"product_cat":[189,187,188],"product_tag":[],"class_list":{"0":"post-8719","1":"product","2":"type-product","3":"status-publish","4":"has-post-thumbnail","6":"product_cat-aguardiente","7":"product_cat-destilados","8":"product_cat-tipo-es","10":"first","11":"instock","12":"taxable","13":"shipping-taxable","14":"purchasable","15":"product-type-simple"},"aioseo_notices":[],"_links":{"self":[{"href":"https:\/\/pwinecastes.com\/es\/wp-json\/wp\/v2\/product\/8719","targetHints":{"allow":["GET"]}}],"collection":[{"href":"https:\/\/pwinecastes.com\/es\/wp-json\/wp\/v2\/product"}],"about":[{"href":"https:\/\/pwinecastes.com\/es\/wp-json\/wp\/v2\/types\/product"}],"version-history":[{"count":0,"href":"https:\/\/pwinecastes.com\/es\/wp-json\/wp\/v2\/product\/8719\/revisions"}],"wp:featuredmedia":[{"embeddable":true,"href":"https:\/\/pwinecastes.com\/es\/wp-json\/wp\/v2\/media\/10782"}],"wp:attachment":[{"href":"https:\/\/pwinecastes.com\/es\/wp-json\/wp\/v2\/media?parent=8719"}],"wp:term":[{"taxonomy":"product_brand","embeddable":true,"href":"https:\/\/pwinecastes.com\/es\/wp-json\/wp\/v2\/product_brand?post=8719"},{"taxonomy":"product_cat","embeddable":true,"href":"https:\/\/pwinecastes.com\/es\/wp-json\/wp\/v2\/product_cat?post=8719"},{"taxonomy":"product_tag","embeddable":true,"href":"https:\/\/pwinecastes.com\/es\/wp-json\/wp\/v2\/product_tag?post=8719"}],"curies":[{"name":"wp","href":"https:\/\/api.w.org\/{rel}","templated":true}]}}