{"id":8733,"date":"2024-05-10T09:56:30","date_gmt":"2024-05-10T09:56:30","guid":{"rendered":"https:\/\/luxuryinportugal.com\/pwinecastes\/product\/aguardiente-velha-antiqua-vsop\/"},"modified":"2025-02-01T13:58:00","modified_gmt":"2025-02-01T13:58:00","slug":"aguardiente-velha-antiqua-vsop","status":"publish","type":"product","link":"https:\/\/pwinecastes.com\/es\/product\/aguardiente-velha-antiqua-vsop\/","title":{"rendered":"Aguardiente Velha Ant\u00edqua VSOP"},"content":{"rendered":"<p>Aguardiente Velha Ant\u00edqua VSOP<\/p>\n<ul>\n<li><strong>Regi\u00f3n:<\/strong> Portugal<\/li>\n<li><strong>Capacidad: <\/strong>0,70 litros<\/li>\n<li><strong>Graduaci\u00f3n alcoh\u00f3lica: <\/strong>38% Vol.<\/li>\n<li><strong>Nota de cata: <\/strong>Color dorado. Aroma complejo, con notas de frutos secos y caf\u00e9. Sabor aterciopelado, adquirido durante varios a\u00f1os de envejecimiento en barricas de roble portugu\u00e9s.<\/li>\n<li><strong>Informaci\u00f3n adicional<\/strong> Contiene sulfitos<\/li>\n<\/ul>\n","protected":false},"excerpt":{"rendered":"<p>Aguardiente Velha Ant\u00edqua VSOP Regi\u00f3n: Portugal Capacidad: 0,70 litros Graduaci\u00f3n alcoh\u00f3lica: 38% Vol. Nota de cata: Color dorado. Aroma complejo, con notas de frutos secos y caf\u00e9. Sabor aterciopelado, adquirido durante varios a\u00f1os de envejecimiento en barricas de roble portugu\u00e9s. Informaci\u00f3n adicional Contiene sulfitos<\/p>\n","protected":false},"featured_media":10807,"template":"","meta":{"_monsterinsights_skip_tracking":false,"_monsterinsights_sitenote_active":false,"_monsterinsights_sitenote_note":"","_monsterinsights_sitenote_category":0},"product_brand":[],"product_cat":[189,187,188],"product_tag":[],"class_list":{"0":"post-8733","1":"product","2":"type-product","3":"status-publish","4":"has-post-thumbnail","6":"product_cat-aguardiente","7":"product_cat-destilados","8":"product_cat-tipo-es","10":"first","11":"instock","12":"taxable","13":"shipping-taxable","14":"purchasable","15":"product-type-simple"},"aioseo_notices":[],"_links":{"self":[{"href":"https:\/\/pwinecastes.com\/es\/wp-json\/wp\/v2\/product\/8733","targetHints":{"allow":["GET"]}}],"collection":[{"href":"https:\/\/pwinecastes.com\/es\/wp-json\/wp\/v2\/product"}],"about":[{"href":"https:\/\/pwinecastes.com\/es\/wp-json\/wp\/v2\/types\/product"}],"version-history":[{"count":0,"href":"https:\/\/pwinecastes.com\/es\/wp-json\/wp\/v2\/product\/8733\/revisions"}],"wp:featuredmedia":[{"embeddable":true,"href":"https:\/\/pwinecastes.com\/es\/wp-json\/wp\/v2\/media\/10807"}],"wp:attachment":[{"href":"https:\/\/pwinecastes.com\/es\/wp-json\/wp\/v2\/media?parent=8733"}],"wp:term":[{"taxonomy":"product_brand","embeddable":true,"href":"https:\/\/pwinecastes.com\/es\/wp-json\/wp\/v2\/product_brand?post=8733"},{"taxonomy":"product_cat","embeddable":true,"href":"https:\/\/pwinecastes.com\/es\/wp-json\/wp\/v2\/product_cat?post=8733"},{"taxonomy":"product_tag","embeddable":true,"href":"https:\/\/pwinecastes.com\/es\/wp-json\/wp\/v2\/product_tag?post=8733"}],"curies":[{"name":"wp","href":"https:\/\/api.w.org\/{rel}","templated":true}]}}