{"id":8828,"date":"2024-05-11T13:57:23","date_gmt":"2024-05-11T13:57:23","guid":{"rendered":"https:\/\/luxuryinportugal.com\/pwinecastes\/product\/aguardente-vinica-velhissima-sao-domingos\/"},"modified":"2024-05-11T13:57:23","modified_gmt":"2024-05-11T13:57:23","slug":"aguardente-vinica-velhissima-sao-domingos","status":"publish","type":"product","link":"https:\/\/pwinecastes.com\/es\/product\/aguardente-vinica-velhissima-sao-domingos\/","title":{"rendered":"Aguardente V\u00ednica Velh\u00edssima S\u00e3o Domingos"},"content":{"rendered":"<p>Aguardente V\u00ednica Velh\u00edssima S\u00e3o Domingos<\/p>\n<ul>\n<li><strong>Regi\u00f3n: <\/strong>Bairrada<\/li>\n<li><strong>Capacidad:<\/strong> 70 cL<\/li>\n<li><strong>Graduaci\u00f3n alcoh\u00f3lica: <\/strong>40%.<\/li>\n<li><strong>Nota de cata:<\/strong> Aroma con notas tostadas, frutos secos sobre un fondo bals\u00e1mico, con notas resinosas.<br \/>\nEn boca es austero con un final dulce. <\/li>\n<li><strong>Armonizaci\u00f3n:<\/strong> Despu\u00e9s de comer, como digestivo o servido en vaso largo con agua mineral (con gas o no), ginger ale o agua t\u00f3nica, es delicioso, lleno de car\u00e1cter y muy refrescante.<\/li>\n<li><strong>Informaci\u00f3n adicional:<\/strong> Contiene sulfitos.<\/li>\n<\/ul>\n","protected":false},"excerpt":{"rendered":"<p>Aguardente V\u00ednica Velh\u00edssima S\u00e3o Domingos Regi\u00f3n: Bairrada Capacidad: 70 cL Graduaci\u00f3n alcoh\u00f3lica: 40%. Nota de cata: Aroma con notas tostadas, frutos secos sobre un fondo bals\u00e1mico, con notas resinosas. En boca es austero con un final dulce. Armonizaci\u00f3n: Despu\u00e9s de comer, como digestivo o servido en vaso largo con agua mineral (con gas o no), [&hellip;]<\/p>\n","protected":false},"featured_media":10886,"template":"","meta":{"_monsterinsights_skip_tracking":false,"_monsterinsights_sitenote_active":false,"_monsterinsights_sitenote_note":"","_monsterinsights_sitenote_category":0},"product_brand":[],"product_cat":[189,187,188],"product_tag":[],"class_list":{"0":"post-8828","1":"product","2":"type-product","3":"status-publish","4":"has-post-thumbnail","6":"product_cat-aguardiente","7":"product_cat-destilados","8":"product_cat-tipo-es","10":"first","11":"instock","12":"taxable","13":"shipping-taxable","14":"purchasable","15":"product-type-simple"},"aioseo_notices":[],"_links":{"self":[{"href":"https:\/\/pwinecastes.com\/es\/wp-json\/wp\/v2\/product\/8828","targetHints":{"allow":["GET"]}}],"collection":[{"href":"https:\/\/pwinecastes.com\/es\/wp-json\/wp\/v2\/product"}],"about":[{"href":"https:\/\/pwinecastes.com\/es\/wp-json\/wp\/v2\/types\/product"}],"version-history":[{"count":0,"href":"https:\/\/pwinecastes.com\/es\/wp-json\/wp\/v2\/product\/8828\/revisions"}],"wp:featuredmedia":[{"embeddable":true,"href":"https:\/\/pwinecastes.com\/es\/wp-json\/wp\/v2\/media\/10886"}],"wp:attachment":[{"href":"https:\/\/pwinecastes.com\/es\/wp-json\/wp\/v2\/media?parent=8828"}],"wp:term":[{"taxonomy":"product_brand","embeddable":true,"href":"https:\/\/pwinecastes.com\/es\/wp-json\/wp\/v2\/product_brand?post=8828"},{"taxonomy":"product_cat","embeddable":true,"href":"https:\/\/pwinecastes.com\/es\/wp-json\/wp\/v2\/product_cat?post=8828"},{"taxonomy":"product_tag","embeddable":true,"href":"https:\/\/pwinecastes.com\/es\/wp-json\/wp\/v2\/product_tag?post=8828"}],"curies":[{"name":"wp","href":"https:\/\/api.w.org\/{rel}","templated":true}]}}