{"id":8874,"date":"2024-05-13T10:17:59","date_gmt":"2024-05-13T10:17:59","guid":{"rendered":"https:\/\/luxuryinportugal.com\/pwinecastes\/product\/quinta-do-crasto-finest-reserva\/"},"modified":"2024-05-13T10:17:59","modified_gmt":"2024-05-13T10:17:59","slug":"quinta-do-crasto-finest-reserva","status":"publish","type":"product","link":"https:\/\/pwinecastes.com\/es\/product\/quinta-do-crasto-finest-reserva\/","title":{"rendered":"Quinta do Crasto Finest Reserva"},"content":{"rendered":"<p>Vinho do Porto Quinta do Crasto Finest Reserve<\/p>\n<ul>\n<li><strong>Regi\u00f3n: <\/strong>Douro<\/li>\n<li><strong>Capacidad:<\/strong> 75 cL<\/li>\n<li><strong>Variedades de uva: <\/strong>Vi\u00f1as viejas<\/li>\n<li><strong>Graduaci\u00f3n alcoh\u00f3lica: <\/strong>20% VOl.<\/li>\n<li><strong>Nota de cata:<\/strong> Rub\u00ed vibrante. Excelente armon\u00eda entre las notas bals\u00e1micas y las bayas del Duero. Muy atractivo y seductor. Estructura elegante y compacta, con volumen correcto, taninos redondos y finos de gran profundidad, todo ello en perfecta armon\u00eda. Acabado muy elegante. Frescura y persistencia.<\/li>\n<li><strong>Maridaje: <\/strong>postres.<\/li>\n<li><strong>Otros datos:<\/strong> Contiene sulfitos.<\/li>\n<\/ul>\n","protected":false},"excerpt":{"rendered":"<p>Vinho do Porto Quinta do Crasto Finest Reserve Regi\u00f3n: Douro Capacidad: 75 cL Variedades de uva: Vi\u00f1as viejas Graduaci\u00f3n alcoh\u00f3lica: 20% VOl. Nota de cata: Rub\u00ed vibrante. Excelente armon\u00eda entre las notas bals\u00e1micas y las bayas del Duero. Muy atractivo y seductor. Estructura elegante y compacta, con volumen correcto, taninos redondos y finos de gran [&hellip;]<\/p>\n","protected":false},"featured_media":11604,"template":"","meta":{"_monsterinsights_skip_tracking":false,"_monsterinsights_sitenote_active":false,"_monsterinsights_sitenote_note":"","_monsterinsights_sitenote_category":0},"product_brand":[],"product_cat":[225,209,212,364],"product_tag":[],"class_list":{"0":"post-8874","1":"product","2":"type-product","3":"status-publish","4":"has-post-thumbnail","6":"product_cat-oporto","7":"product_cat-pais-es-2","8":"product_cat-portugal-es-2","9":"product_cat-reserva-es","11":"first","12":"instock","13":"taxable","14":"shipping-taxable","15":"purchasable","16":"product-type-simple"},"aioseo_notices":[],"_links":{"self":[{"href":"https:\/\/pwinecastes.com\/es\/wp-json\/wp\/v2\/product\/8874","targetHints":{"allow":["GET"]}}],"collection":[{"href":"https:\/\/pwinecastes.com\/es\/wp-json\/wp\/v2\/product"}],"about":[{"href":"https:\/\/pwinecastes.com\/es\/wp-json\/wp\/v2\/types\/product"}],"version-history":[{"count":0,"href":"https:\/\/pwinecastes.com\/es\/wp-json\/wp\/v2\/product\/8874\/revisions"}],"wp:featuredmedia":[{"embeddable":true,"href":"https:\/\/pwinecastes.com\/es\/wp-json\/wp\/v2\/media\/11604"}],"wp:attachment":[{"href":"https:\/\/pwinecastes.com\/es\/wp-json\/wp\/v2\/media?parent=8874"}],"wp:term":[{"taxonomy":"product_brand","embeddable":true,"href":"https:\/\/pwinecastes.com\/es\/wp-json\/wp\/v2\/product_brand?post=8874"},{"taxonomy":"product_cat","embeddable":true,"href":"https:\/\/pwinecastes.com\/es\/wp-json\/wp\/v2\/product_cat?post=8874"},{"taxonomy":"product_tag","embeddable":true,"href":"https:\/\/pwinecastes.com\/es\/wp-json\/wp\/v2\/product_tag?post=8874"}],"curies":[{"name":"wp","href":"https:\/\/api.w.org\/{rel}","templated":true}]}}