{"id":8879,"date":"2024-05-13T10:28:41","date_gmt":"2024-05-13T10:28:41","guid":{"rendered":"https:\/\/luxuryinportugal.com\/pwinecastes\/product\/andresen-blanco-40-anos\/"},"modified":"2024-09-11T16:15:57","modified_gmt":"2024-09-11T16:15:57","slug":"andresen-blanco-40-anos","status":"publish","type":"product","link":"https:\/\/pwinecastes.com\/es\/product\/andresen-blanco-40-anos\/","title":{"rendered":"Andresen Blanco 40 a\u00f1os"},"content":{"rendered":"<p>Puerto Andresen Blanco 40 A\u00f1os<\/p>\n<ul>\n<li><strong>Regi\u00f3n: <\/strong>Douro<\/li>\n<li><strong>Capacidad:<\/strong> 50 cL<\/li>\n<li><strong>Variedades de uva: <\/strong>Vi\u00f1as viejas<\/li>\n<li><strong>Graduaci\u00f3n alcoh\u00f3lica: <\/strong>20% Vol.<\/li>\n<li><strong>Nota de cata:<\/strong> Color \u00e1mbar. Abund\u00e2ncia de aromas de frutos secos amarelos (p\u00eassego e alperce), com notas de mel e ligeiras nuances de cera de abelhas. Suave y delicado en el paladar, con notas de frutos secos. Final muy largo y complejo.<\/li>\n<li><strong>Maridaje: <\/strong>Combina bien con postres.<\/li>\n<li><strong>Otros datos:<\/strong> Contiene sulfitos.<\/li>\n<\/ul>\n","protected":false},"excerpt":{"rendered":"<p>Puerto Andresen Blanco 40 A\u00f1os Regi\u00f3n: Douro Capacidad: 50 cL Variedades de uva: Vi\u00f1as viejas Graduaci\u00f3n alcoh\u00f3lica: 20% Vol. Nota de cata: Color \u00e1mbar. Abund\u00e2ncia de aromas de frutos secos amarelos (p\u00eassego e alperce), com notas de mel e ligeiras nuances de cera de abelhas. Suave y delicado en el paladar, con notas de frutos [&hellip;]<\/p>\n","protected":false},"featured_media":10975,"template":"","meta":{"_monsterinsights_skip_tracking":false,"_monsterinsights_sitenote_active":false,"_monsterinsights_sitenote_note":"","_monsterinsights_sitenote_category":0},"product_brand":[],"product_cat":[362,225,209,212],"product_tag":[],"class_list":{"0":"post-8879","1":"product","2":"type-product","3":"status-publish","4":"has-post-thumbnail","6":"product_cat-blanco-es-8","7":"product_cat-oporto","8":"product_cat-pais-es-2","9":"product_cat-portugal-es-2","11":"first","12":"outofstock","13":"taxable","14":"shipping-taxable","15":"purchasable","16":"product-type-simple"},"aioseo_notices":[],"_links":{"self":[{"href":"https:\/\/pwinecastes.com\/es\/wp-json\/wp\/v2\/product\/8879","targetHints":{"allow":["GET"]}}],"collection":[{"href":"https:\/\/pwinecastes.com\/es\/wp-json\/wp\/v2\/product"}],"about":[{"href":"https:\/\/pwinecastes.com\/es\/wp-json\/wp\/v2\/types\/product"}],"version-history":[{"count":0,"href":"https:\/\/pwinecastes.com\/es\/wp-json\/wp\/v2\/product\/8879\/revisions"}],"wp:featuredmedia":[{"embeddable":true,"href":"https:\/\/pwinecastes.com\/es\/wp-json\/wp\/v2\/media\/10975"}],"wp:attachment":[{"href":"https:\/\/pwinecastes.com\/es\/wp-json\/wp\/v2\/media?parent=8879"}],"wp:term":[{"taxonomy":"product_brand","embeddable":true,"href":"https:\/\/pwinecastes.com\/es\/wp-json\/wp\/v2\/product_brand?post=8879"},{"taxonomy":"product_cat","embeddable":true,"href":"https:\/\/pwinecastes.com\/es\/wp-json\/wp\/v2\/product_cat?post=8879"},{"taxonomy":"product_tag","embeddable":true,"href":"https:\/\/pwinecastes.com\/es\/wp-json\/wp\/v2\/product_tag?post=8879"}],"curies":[{"name":"wp","href":"https:\/\/api.w.org\/{rel}","templated":true}]}}