{"id":8896,"date":"2024-05-14T09:26:43","date_gmt":"2024-05-14T09:26:43","guid":{"rendered":"https:\/\/luxuryinportugal.com\/pwinecastes\/product\/barao-de-vilar-cosecha-1968\/"},"modified":"2024-05-14T09:26:43","modified_gmt":"2024-05-14T09:26:43","slug":"barao-de-vilar-cosecha-1968","status":"publish","type":"product","link":"https:\/\/pwinecastes.com\/es\/product\/barao-de-vilar-cosecha-1968\/","title":{"rendered":"Bar\u00e3o de Vilar Cosecha 1968"},"content":{"rendered":"<p>Vinho do Porto Bar\u00e3o de Vilar Colheita 1968<\/p>\n<ul>\n<li><strong>Regi\u00f3n: <\/strong>Portugal<\/li>\n<li><strong>Capacidad:<\/strong> 75 cL<\/li>\n<li><strong>Graduaci\u00f3n alcoh\u00f3lica: <\/strong>20% Vol.<\/li>\n<li><strong>Notas de cata:<\/strong> El Bar\u00e3o de Vilar Colheita es un vino de Oporto de una sola cosecha envejecido en barricas de roble durante un m\u00ednimo de 7 a\u00f1os, y puede embotellarse a partir del octavo a\u00f1o. Es corpulento, lleno de suavidad, con el equilibrio y la elegancia \u00fanica de los viejos tawnies, reflejo de un largo y cuidadoso envejecimiento en barricas de roble, numeradas y cuidadosamente seleccionadas.<\/li>\n<li><strong>Maridaje: <\/strong>Va bien con postres, quesos o simplemente como digestivo. Debe servirse ligeramente fr\u00edo.<\/li>\n<li><strong>Otros datos:<\/strong> Contiene sulfitos.<\/li>\n<\/ul>\n","protected":false},"excerpt":{"rendered":"<p>Vinho do Porto Bar\u00e3o de Vilar Colheita 1968 Regi\u00f3n: Portugal Capacidad: 75 cL Graduaci\u00f3n alcoh\u00f3lica: 20% Vol. Notas de cata: El Bar\u00e3o de Vilar Colheita es un vino de Oporto de una sola cosecha envejecido en barricas de roble durante un m\u00ednimo de 7 a\u00f1os, y puede embotellarse a partir del octavo a\u00f1o. Es corpulento, [&hellip;]<\/p>\n","protected":false},"featured_media":11024,"template":"","meta":{"_monsterinsights_skip_tracking":false,"_monsterinsights_sitenote_active":false,"_monsterinsights_sitenote_note":"","_monsterinsights_sitenote_category":0},"product_brand":[],"product_cat":[363,225,209,212],"product_tag":[],"class_list":{"0":"post-8896","1":"product","2":"type-product","3":"status-publish","4":"has-post-thumbnail","6":"product_cat-cosecha","7":"product_cat-oporto","8":"product_cat-pais-es-2","9":"product_cat-portugal-es-2","11":"first","12":"instock","13":"taxable","14":"shipping-taxable","15":"purchasable","16":"product-type-simple"},"aioseo_notices":[],"_links":{"self":[{"href":"https:\/\/pwinecastes.com\/es\/wp-json\/wp\/v2\/product\/8896","targetHints":{"allow":["GET"]}}],"collection":[{"href":"https:\/\/pwinecastes.com\/es\/wp-json\/wp\/v2\/product"}],"about":[{"href":"https:\/\/pwinecastes.com\/es\/wp-json\/wp\/v2\/types\/product"}],"version-history":[{"count":0,"href":"https:\/\/pwinecastes.com\/es\/wp-json\/wp\/v2\/product\/8896\/revisions"}],"wp:featuredmedia":[{"embeddable":true,"href":"https:\/\/pwinecastes.com\/es\/wp-json\/wp\/v2\/media\/11024"}],"wp:attachment":[{"href":"https:\/\/pwinecastes.com\/es\/wp-json\/wp\/v2\/media?parent=8896"}],"wp:term":[{"taxonomy":"product_brand","embeddable":true,"href":"https:\/\/pwinecastes.com\/es\/wp-json\/wp\/v2\/product_brand?post=8896"},{"taxonomy":"product_cat","embeddable":true,"href":"https:\/\/pwinecastes.com\/es\/wp-json\/wp\/v2\/product_cat?post=8896"},{"taxonomy":"product_tag","embeddable":true,"href":"https:\/\/pwinecastes.com\/es\/wp-json\/wp\/v2\/product_tag?post=8896"}],"curies":[{"name":"wp","href":"https:\/\/api.w.org\/{rel}","templated":true}]}}