{"id":8901,"date":"2024-05-14T09:35:03","date_gmt":"2024-05-14T09:35:03","guid":{"rendered":"https:\/\/luxuryinportugal.com\/pwinecastes\/product\/barao-de-vilar-colheita-1969\/"},"modified":"2024-05-20T11:28:58","modified_gmt":"2024-05-20T11:28:58","slug":"barao-de-vilar-colheita-1969","status":"publish","type":"product","link":"https:\/\/pwinecastes.com\/es\/product\/barao-de-vilar-colheita-1969\/","title":{"rendered":"Bar\u00e3o de Vilar Colheita 1969"},"content":{"rendered":"<p>Vinho do Porto Bar\u00e3o de Vilar Colheita 1969<\/p>\n<ul>\n<li><strong>Regi\u00f3n: <\/strong>Portugal<\/li>\n<li><strong>Capacidad:<\/strong> 75 cL<\/li>\n<li><strong><strong>Graduaci\u00f3n alcoh\u00f3lica: <\/strong><\/strong>20,5 Vol.<\/li>\n<li><strong>Notas de cata:<\/strong> Presenta riqueza, densidad y gran aroma arom\u00e1tico.. Es un Oporto exuberante y rico, con magn\u00edficos aromas c\u00edtricos y terciarios. Tiene aromas resplandecientes de c\u00edtricos confitados, un dulzor matizado con fracciones de frutos secos y una acidez muy equilibrada.<\/li>\n<li><strong>Maridaje: <\/strong>postres.<\/li>\n<li><strong>Otros datos:<\/strong> Contiene sulfitos.<\/li>\n<\/ul>\n","protected":false},"excerpt":{"rendered":"<p>Vinho do Porto Bar\u00e3o de Vilar Colheita 1969 Regi\u00f3n: Portugal Capacidad: 75 cL Graduaci\u00f3n alcoh\u00f3lica: 20,5 Vol. Notas de cata: Presenta riqueza, densidad y gran aroma arom\u00e1tico.. Es un Oporto exuberante y rico, con magn\u00edficos aromas c\u00edtricos y terciarios. Tiene aromas resplandecientes de c\u00edtricos confitados, un dulzor matizado con fracciones de frutos secos y una [&hellip;]<\/p>\n","protected":false},"featured_media":11053,"template":"","meta":{"_monsterinsights_skip_tracking":false,"_monsterinsights_sitenote_active":false,"_monsterinsights_sitenote_note":"","_monsterinsights_sitenote_category":0},"product_brand":[],"product_cat":[363,225,209,212],"product_tag":[],"class_list":{"0":"post-8901","1":"product","2":"type-product","3":"status-publish","4":"has-post-thumbnail","6":"product_cat-cosecha","7":"product_cat-oporto","8":"product_cat-pais-es-2","9":"product_cat-portugal-es-2","11":"first","12":"instock","13":"taxable","14":"shipping-taxable","15":"purchasable","16":"product-type-simple"},"aioseo_notices":[],"_links":{"self":[{"href":"https:\/\/pwinecastes.com\/es\/wp-json\/wp\/v2\/product\/8901","targetHints":{"allow":["GET"]}}],"collection":[{"href":"https:\/\/pwinecastes.com\/es\/wp-json\/wp\/v2\/product"}],"about":[{"href":"https:\/\/pwinecastes.com\/es\/wp-json\/wp\/v2\/types\/product"}],"version-history":[{"count":0,"href":"https:\/\/pwinecastes.com\/es\/wp-json\/wp\/v2\/product\/8901\/revisions"}],"wp:featuredmedia":[{"embeddable":true,"href":"https:\/\/pwinecastes.com\/es\/wp-json\/wp\/v2\/media\/11053"}],"wp:attachment":[{"href":"https:\/\/pwinecastes.com\/es\/wp-json\/wp\/v2\/media?parent=8901"}],"wp:term":[{"taxonomy":"product_brand","embeddable":true,"href":"https:\/\/pwinecastes.com\/es\/wp-json\/wp\/v2\/product_brand?post=8901"},{"taxonomy":"product_cat","embeddable":true,"href":"https:\/\/pwinecastes.com\/es\/wp-json\/wp\/v2\/product_cat?post=8901"},{"taxonomy":"product_tag","embeddable":true,"href":"https:\/\/pwinecastes.com\/es\/wp-json\/wp\/v2\/product_tag?post=8901"}],"curies":[{"name":"wp","href":"https:\/\/api.w.org\/{rel}","templated":true}]}}