{"id":8906,"date":"2024-05-14T09:42:17","date_gmt":"2024-05-14T09:42:17","guid":{"rendered":"https:\/\/luxuryinportugal.com\/pwinecastes\/product\/barao-de-vilar-colheita-1970\/"},"modified":"2024-05-20T13:57:20","modified_gmt":"2024-05-20T13:57:20","slug":"barao-de-vilar-colheita-1970","status":"publish","type":"product","link":"https:\/\/pwinecastes.com\/es\/product\/barao-de-vilar-colheita-1970\/","title":{"rendered":"Bar\u00e3o de Vilar Colheita 1970"},"content":{"rendered":"<p>Vinho do Porto Bar\u00e3o de Vilar Colheita 1970<\/p>\n<ul>\n<li><strong>Regi\u00f3n: <\/strong>Portugal<\/li>\n<li><strong>Capacidad:<\/strong> 75 cL<\/li>\n<li><strong><strong>Grado alcoh\u00f3lico:<\/strong><\/strong> 20% Vol.<\/li>\n<li><strong>Notas de prova: <\/strong>Lleno de aromas terciarios, exuberante y con una acidez muy refinada y fant\u00e1stica.. Los aromas de c\u00edtricos confitados mezclados con sabores de frutos secos hacen que este vino sea majestuoso.<\/li>\n<li><strong>Maridaje: <\/strong>postres.<\/li>\n<li><strong>Otros datos:<\/strong> Contiene sulfitos.<\/li>\n<\/ul>\n<p>&nbsp;<\/p>\n","protected":false},"excerpt":{"rendered":"<p>Vinho do Porto Bar\u00e3o de Vilar Colheita 1970 Regi\u00f3n: Portugal Capacidad: 75 cL Grado alcoh\u00f3lico: 20% Vol. Notas de prova: Lleno de aromas terciarios, exuberante y con una acidez muy refinada y fant\u00e1stica.. Los aromas de c\u00edtricos confitados mezclados con sabores de frutos secos hacen que este vino sea majestuoso. Maridaje: postres. Otros datos: Contiene [&hellip;]<\/p>\n","protected":false},"featured_media":11097,"template":"","meta":{"_monsterinsights_skip_tracking":false,"_monsterinsights_sitenote_active":false,"_monsterinsights_sitenote_note":"","_monsterinsights_sitenote_category":0},"product_brand":[],"product_cat":[363,225,209,212],"product_tag":[],"class_list":{"0":"post-8906","1":"product","2":"type-product","3":"status-publish","4":"has-post-thumbnail","6":"product_cat-cosecha","7":"product_cat-oporto","8":"product_cat-pais-es-2","9":"product_cat-portugal-es-2","11":"first","12":"instock","13":"taxable","14":"shipping-taxable","15":"purchasable","16":"product-type-simple"},"aioseo_notices":[],"_links":{"self":[{"href":"https:\/\/pwinecastes.com\/es\/wp-json\/wp\/v2\/product\/8906","targetHints":{"allow":["GET"]}}],"collection":[{"href":"https:\/\/pwinecastes.com\/es\/wp-json\/wp\/v2\/product"}],"about":[{"href":"https:\/\/pwinecastes.com\/es\/wp-json\/wp\/v2\/types\/product"}],"version-history":[{"count":0,"href":"https:\/\/pwinecastes.com\/es\/wp-json\/wp\/v2\/product\/8906\/revisions"}],"wp:featuredmedia":[{"embeddable":true,"href":"https:\/\/pwinecastes.com\/es\/wp-json\/wp\/v2\/media\/11097"}],"wp:attachment":[{"href":"https:\/\/pwinecastes.com\/es\/wp-json\/wp\/v2\/media?parent=8906"}],"wp:term":[{"taxonomy":"product_brand","embeddable":true,"href":"https:\/\/pwinecastes.com\/es\/wp-json\/wp\/v2\/product_brand?post=8906"},{"taxonomy":"product_cat","embeddable":true,"href":"https:\/\/pwinecastes.com\/es\/wp-json\/wp\/v2\/product_cat?post=8906"},{"taxonomy":"product_tag","embeddable":true,"href":"https:\/\/pwinecastes.com\/es\/wp-json\/wp\/v2\/product_tag?post=8906"}],"curies":[{"name":"wp","href":"https:\/\/api.w.org\/{rel}","templated":true}]}}