{"id":8912,"date":"2024-05-14T10:03:23","date_gmt":"2024-05-14T10:03:23","guid":{"rendered":"https:\/\/luxuryinportugal.com\/pwinecastes\/product\/barros-colheita-1996\/"},"modified":"2024-05-14T10:03:23","modified_gmt":"2024-05-14T10:03:23","slug":"barros-colheita-1996","status":"publish","type":"product","link":"https:\/\/pwinecastes.com\/es\/product\/barros-colheita-1996\/","title":{"rendered":"Barros Colheita 1996"},"content":{"rendered":"<p>Puerto Barros Colheita 1996<\/p>\n<ul>\n<li><strong>Regi\u00f3n: <\/strong>Portugal<\/li>\n<li><strong>Capacidad:<\/strong> 75 cL<\/li>\n<li><strong>Graduaci\u00f3n alcoh\u00f3lica: <\/strong>20%Vol.<\/li>\n<li><strong>Nota de cata<\/strong>: Considerados los grandes n\u00e9ctares de la casa Barros, las Colheitas se caracterizan por su exuberancia arom\u00e1tica, marcada por la fuerza de los frutos secos y las especias. En boca, destacan la textura sedosa y la elegancia.<\/li>\n<li><strong>Maridaje: <\/strong>postres.<\/li>\n<li><strong>Otros datos:<\/strong> Contiene sulfitos.<\/li>\n<\/ul>\n","protected":false},"excerpt":{"rendered":"<p>Puerto Barros Colheita 1996 Regi\u00f3n: Portugal Capacidad: 75 cL Graduaci\u00f3n alcoh\u00f3lica: 20%Vol. Nota de cata: Considerados los grandes n\u00e9ctares de la casa Barros, las Colheitas se caracterizan por su exuberancia arom\u00e1tica, marcada por la fuerza de los frutos secos y las especias. En boca, destacan la textura sedosa y la elegancia. Maridaje: postres. Otros datos: [&hellip;]<\/p>\n","protected":false},"featured_media":11092,"template":"","meta":{"_monsterinsights_skip_tracking":false,"_monsterinsights_sitenote_active":false,"_monsterinsights_sitenote_note":"","_monsterinsights_sitenote_category":0},"product_brand":[],"product_cat":[363,225,209,212],"product_tag":[],"class_list":{"0":"post-8912","1":"product","2":"type-product","3":"status-publish","4":"has-post-thumbnail","6":"product_cat-cosecha","7":"product_cat-oporto","8":"product_cat-pais-es-2","9":"product_cat-portugal-es-2","11":"first","12":"outofstock","13":"taxable","14":"shipping-taxable","15":"purchasable","16":"product-type-simple"},"aioseo_notices":[],"_links":{"self":[{"href":"https:\/\/pwinecastes.com\/es\/wp-json\/wp\/v2\/product\/8912","targetHints":{"allow":["GET"]}}],"collection":[{"href":"https:\/\/pwinecastes.com\/es\/wp-json\/wp\/v2\/product"}],"about":[{"href":"https:\/\/pwinecastes.com\/es\/wp-json\/wp\/v2\/types\/product"}],"version-history":[{"count":0,"href":"https:\/\/pwinecastes.com\/es\/wp-json\/wp\/v2\/product\/8912\/revisions"}],"wp:featuredmedia":[{"embeddable":true,"href":"https:\/\/pwinecastes.com\/es\/wp-json\/wp\/v2\/media\/11092"}],"wp:attachment":[{"href":"https:\/\/pwinecastes.com\/es\/wp-json\/wp\/v2\/media?parent=8912"}],"wp:term":[{"taxonomy":"product_brand","embeddable":true,"href":"https:\/\/pwinecastes.com\/es\/wp-json\/wp\/v2\/product_brand?post=8912"},{"taxonomy":"product_cat","embeddable":true,"href":"https:\/\/pwinecastes.com\/es\/wp-json\/wp\/v2\/product_cat?post=8912"},{"taxonomy":"product_tag","embeddable":true,"href":"https:\/\/pwinecastes.com\/es\/wp-json\/wp\/v2\/product_tag?post=8912"}],"curies":[{"name":"wp","href":"https:\/\/api.w.org\/{rel}","templated":true}]}}