{"id":8916,"date":"2024-05-14T10:18:16","date_gmt":"2024-05-14T10:18:16","guid":{"rendered":"https:\/\/luxuryinportugal.com\/pwinecastes\/product\/barros-cosecha-2005\/"},"modified":"2024-05-20T14:08:23","modified_gmt":"2024-05-20T14:08:23","slug":"barros-cosecha-2005","status":"publish","type":"product","link":"https:\/\/pwinecastes.com\/es\/product\/barros-cosecha-2005\/","title":{"rendered":"Barros Cosecha 2005"},"content":{"rendered":"<p>Vinho do Porto Barros Colheita 2005<\/p>\n<ul>\n<li><strong>Regi\u00f3n: <\/strong>Portugal<\/li>\n<li><strong>Capacidad:<\/strong> 75 cL<\/li>\n<li><strong>Variedades de uva: <\/strong>Tinta Barroca, Tinta Roriz, Touriga Franca, Touriga Nacional<\/li>\n<li><strong>Graduaci\u00f3n alcoh\u00f3lica:<\/strong> 20%Vol.<\/li>\n<li><strong>Notas de prova: <\/strong>Color parduzco con ligeros reflejos rojizos. Nariz rica y compleja con notas de especias y frutos secos y ligeras notas melosas<strong>.<\/strong>Un vino elegante, con taninos bien presentes y sabores de fruta confitada, que lo hacen aterciopelado e intenso.<\/li>\n<li><strong>Harmoniza\u00e7\u00e3o: <\/strong>Doces de ovos, sobremesas com frutos secos.<\/li>\n<li><strong>Otros datos:<\/strong> Contiene sulfitos.<\/li>\n<\/ul>\n","protected":false},"excerpt":{"rendered":"<p>Vinho do Porto Barros Colheita 2005 Regi\u00f3n: Portugal Capacidad: 75 cL Variedades de uva: Tinta Barroca, Tinta Roriz, Touriga Franca, Touriga Nacional Graduaci\u00f3n alcoh\u00f3lica: 20%Vol. Notas de prova: Color parduzco con ligeros reflejos rojizos. Nariz rica y compleja con notas de especias y frutos secos y ligeras notas melosas.Un vino elegante, con taninos bien presentes [&hellip;]<\/p>\n","protected":false},"featured_media":11116,"template":"","meta":{"_monsterinsights_skip_tracking":false,"_monsterinsights_sitenote_active":false,"_monsterinsights_sitenote_note":"","_monsterinsights_sitenote_category":0},"product_brand":[],"product_cat":[363,225,209,212],"product_tag":[],"class_list":{"0":"post-8916","1":"product","2":"type-product","3":"status-publish","4":"has-post-thumbnail","6":"product_cat-cosecha","7":"product_cat-oporto","8":"product_cat-pais-es-2","9":"product_cat-portugal-es-2","11":"first","12":"instock","13":"taxable","14":"shipping-taxable","15":"purchasable","16":"product-type-simple"},"aioseo_notices":[],"_links":{"self":[{"href":"https:\/\/pwinecastes.com\/es\/wp-json\/wp\/v2\/product\/8916","targetHints":{"allow":["GET"]}}],"collection":[{"href":"https:\/\/pwinecastes.com\/es\/wp-json\/wp\/v2\/product"}],"about":[{"href":"https:\/\/pwinecastes.com\/es\/wp-json\/wp\/v2\/types\/product"}],"version-history":[{"count":0,"href":"https:\/\/pwinecastes.com\/es\/wp-json\/wp\/v2\/product\/8916\/revisions"}],"wp:featuredmedia":[{"embeddable":true,"href":"https:\/\/pwinecastes.com\/es\/wp-json\/wp\/v2\/media\/11116"}],"wp:attachment":[{"href":"https:\/\/pwinecastes.com\/es\/wp-json\/wp\/v2\/media?parent=8916"}],"wp:term":[{"taxonomy":"product_brand","embeddable":true,"href":"https:\/\/pwinecastes.com\/es\/wp-json\/wp\/v2\/product_brand?post=8916"},{"taxonomy":"product_cat","embeddable":true,"href":"https:\/\/pwinecastes.com\/es\/wp-json\/wp\/v2\/product_cat?post=8916"},{"taxonomy":"product_tag","embeddable":true,"href":"https:\/\/pwinecastes.com\/es\/wp-json\/wp\/v2\/product_tag?post=8916"}],"curies":[{"name":"wp","href":"https:\/\/api.w.org\/{rel}","templated":true}]}}