{"id":8925,"date":"2024-05-14T10:34:34","date_gmt":"2024-05-14T10:34:34","guid":{"rendered":"https:\/\/luxuryinportugal.com\/pwinecastes\/product\/barros-cosecha-2007\/"},"modified":"2024-05-14T10:34:34","modified_gmt":"2024-05-14T10:34:34","slug":"barros-cosecha-2007","status":"publish","type":"product","link":"https:\/\/pwinecastes.com\/es\/product\/barros-cosecha-2007\/","title":{"rendered":"Barros Cosecha 2007"},"content":{"rendered":"<p>Vino de Oporto Barros Cosecha 2007<\/p>\n<ul>\n<li><strong>Regi\u00f3n:<\/strong> Portugal<\/li>\n<li><strong>Capacidad:<\/strong> 75 cL<\/li>\n<li><strong>Variedades de uva: <\/strong>Tinta Barroca, Tinta Roriz, Touriga Franca, Touriga Nacional<\/li>\n<li><strong>Graduaci\u00f3n alcoh\u00f3lica: <\/strong>20%Vol.<\/li>\n<li><strong>Nota de cata: <\/strong>Color marr\u00f3n rojizo. Una nariz exuberante con aromas de fruta en alm\u00edbar rodeados de notas de frutos secos, especias y masa de pan. Un Oporto de Cosecha intenso y complejo, con taninos firmes y elegantes. Retrogusto largo y persistente.<\/li>\n<li><strong>Maridaje: <\/strong>postres.<\/li>\n<li><strong>Otros datos:<\/strong> Contiene sulfitos.<\/li>\n<\/ul>\n","protected":false},"excerpt":{"rendered":"<p>Vino de Oporto Barros Cosecha 2007 Regi\u00f3n: Portugal Capacidad: 75 cL Variedades de uva: Tinta Barroca, Tinta Roriz, Touriga Franca, Touriga Nacional Graduaci\u00f3n alcoh\u00f3lica: 20%Vol. Nota de cata: Color marr\u00f3n rojizo. Una nariz exuberante con aromas de fruta en alm\u00edbar rodeados de notas de frutos secos, especias y masa de pan. Un Oporto de Cosecha [&hellip;]<\/p>\n","protected":false},"featured_media":11134,"template":"","meta":{"_monsterinsights_skip_tracking":false,"_monsterinsights_sitenote_active":false,"_monsterinsights_sitenote_note":"","_monsterinsights_sitenote_category":0},"product_brand":[],"product_cat":[363,225,209,212],"product_tag":[],"class_list":{"0":"post-8925","1":"product","2":"type-product","3":"status-publish","4":"has-post-thumbnail","6":"product_cat-cosecha","7":"product_cat-oporto","8":"product_cat-pais-es-2","9":"product_cat-portugal-es-2","11":"first","12":"outofstock","13":"taxable","14":"shipping-taxable","15":"purchasable","16":"product-type-simple"},"aioseo_notices":[],"_links":{"self":[{"href":"https:\/\/pwinecastes.com\/es\/wp-json\/wp\/v2\/product\/8925","targetHints":{"allow":["GET"]}}],"collection":[{"href":"https:\/\/pwinecastes.com\/es\/wp-json\/wp\/v2\/product"}],"about":[{"href":"https:\/\/pwinecastes.com\/es\/wp-json\/wp\/v2\/types\/product"}],"version-history":[{"count":0,"href":"https:\/\/pwinecastes.com\/es\/wp-json\/wp\/v2\/product\/8925\/revisions"}],"wp:featuredmedia":[{"embeddable":true,"href":"https:\/\/pwinecastes.com\/es\/wp-json\/wp\/v2\/media\/11134"}],"wp:attachment":[{"href":"https:\/\/pwinecastes.com\/es\/wp-json\/wp\/v2\/media?parent=8925"}],"wp:term":[{"taxonomy":"product_brand","embeddable":true,"href":"https:\/\/pwinecastes.com\/es\/wp-json\/wp\/v2\/product_brand?post=8925"},{"taxonomy":"product_cat","embeddable":true,"href":"https:\/\/pwinecastes.com\/es\/wp-json\/wp\/v2\/product_cat?post=8925"},{"taxonomy":"product_tag","embeddable":true,"href":"https:\/\/pwinecastes.com\/es\/wp-json\/wp\/v2\/product_tag?post=8925"}],"curies":[{"name":"wp","href":"https:\/\/api.w.org\/{rel}","templated":true}]}}