{"id":8945,"date":"2024-05-14T13:22:59","date_gmt":"2024-05-14T13:22:59","guid":{"rendered":"https:\/\/luxuryinportugal.com\/pwinecastes\/product\/big-boss-pink\/"},"modified":"2024-05-21T17:33:22","modified_gmt":"2024-05-21T17:33:22","slug":"big-boss-pink","status":"publish","type":"product","link":"https:\/\/pwinecastes.com\/es\/product\/big-boss-pink\/","title":{"rendered":"Big Boss Pink"},"content":{"rendered":"<p>Gin Big Boss Rosa<\/p>\n<p>&nbsp;<\/p>\n<ul>\n<li><strong>Capacidad:<\/strong> 70 cl<\/li>\n<li><strong>Graduaci\u00f3n alcoh\u00f3lica<\/strong><strong>: <\/strong>40% Vol.<\/li>\n<li><strong>Notas de cata: <\/strong>Sabor intenso y dulce a frutos rojos. Se trata de una f\u00f3rmula secreta, compuesta por 13 bot\u00e1nicos, entre ellos enebro, regaliz y frutos rojos, sometidos a 4 destilaciones que se realizan mediante m\u00e9todos artesanales, obteniendo as\u00ed una bebida especial, con una pureza caracter\u00edstica.<\/li>\n<li><strong>Otros datos:<\/strong> Contiene sulfitos.<\/li>\n<\/ul>\n","protected":false},"excerpt":{"rendered":"<p>Gin Big Boss Rosa &nbsp; Capacidad: 70 cl Graduaci\u00f3n alcoh\u00f3lica: 40% Vol. Notas de cata: Sabor intenso y dulce a frutos rojos. Se trata de una f\u00f3rmula secreta, compuesta por 13 bot\u00e1nicos, entre ellos enebro, regaliz y frutos rojos, sometidos a 4 destilaciones que se realizan mediante m\u00e9todos artesanales, obteniendo as\u00ed una bebida especial, con [&hellip;]<\/p>\n","protected":false},"featured_media":11199,"template":"","meta":{"_monsterinsights_skip_tracking":false,"_monsterinsights_sitenote_active":false,"_monsterinsights_sitenote_note":"","_monsterinsights_sitenote_category":0},"product_brand":[],"product_cat":[187,190,188],"product_tag":[],"class_list":{"0":"post-8945","1":"product","2":"type-product","3":"status-publish","4":"has-post-thumbnail","6":"product_cat-destilados","7":"product_cat-gin-es","8":"product_cat-tipo-es","10":"first","11":"outofstock","12":"taxable","13":"shipping-taxable","14":"purchasable","15":"product-type-simple"},"aioseo_notices":[],"_links":{"self":[{"href":"https:\/\/pwinecastes.com\/es\/wp-json\/wp\/v2\/product\/8945","targetHints":{"allow":["GET"]}}],"collection":[{"href":"https:\/\/pwinecastes.com\/es\/wp-json\/wp\/v2\/product"}],"about":[{"href":"https:\/\/pwinecastes.com\/es\/wp-json\/wp\/v2\/types\/product"}],"version-history":[{"count":0,"href":"https:\/\/pwinecastes.com\/es\/wp-json\/wp\/v2\/product\/8945\/revisions"}],"wp:featuredmedia":[{"embeddable":true,"href":"https:\/\/pwinecastes.com\/es\/wp-json\/wp\/v2\/media\/11199"}],"wp:attachment":[{"href":"https:\/\/pwinecastes.com\/es\/wp-json\/wp\/v2\/media?parent=8945"}],"wp:term":[{"taxonomy":"product_brand","embeddable":true,"href":"https:\/\/pwinecastes.com\/es\/wp-json\/wp\/v2\/product_brand?post=8945"},{"taxonomy":"product_cat","embeddable":true,"href":"https:\/\/pwinecastes.com\/es\/wp-json\/wp\/v2\/product_cat?post=8945"},{"taxonomy":"product_tag","embeddable":true,"href":"https:\/\/pwinecastes.com\/es\/wp-json\/wp\/v2\/product_tag?post=8945"}],"curies":[{"name":"wp","href":"https:\/\/api.w.org\/{rel}","templated":true}]}}