{"id":8955,"date":"2024-05-14T16:30:05","date_gmt":"2024-05-14T16:30:05","guid":{"rendered":"https:\/\/luxuryinportugal.com\/pwinecastes\/product\/bushmills-10-anos\/"},"modified":"2024-05-21T17:40:21","modified_gmt":"2024-05-21T17:40:21","slug":"bushmills-10-anos","status":"publish","type":"product","link":"https:\/\/pwinecastes.com\/es\/product\/bushmills-10-anos\/","title":{"rendered":"Bushmills 10 Anos"},"content":{"rendered":"<p>Whisky Bushmills 10 a\u00f1os<\/p>\n<ul>\n<li><strong>Regi\u00f3n:<\/strong> Irlanda<\/li>\n<li><strong>Capacidad:<\/strong> 70 cL<\/li>\n<li><strong>Contenido de alcohol: <\/strong>40%Vol.<\/li>\n<li><strong>Nota de cata:<\/strong> Tiene un color dorado y un aroma elegante, muy equilibrado, fino y suave, con notas de cereales, c\u00edtricos (lim\u00f3n) y regaliz. Se a\u00f1aden notas florales y de vainilla. En boca es dulce y ligeramente cremoso, confirmando las notas en nariz. Final largo, revelando notas de madera, almendras y miel.<\/li>\n<li><strong>Otros datos:<\/strong> Contiene sulfitos.<\/li>\n<\/ul>\n","protected":false},"excerpt":{"rendered":"<p>Whisky Bushmills 10 a\u00f1os Regi\u00f3n: Irlanda Capacidad: 70 cL Contenido de alcohol: 40%Vol. Nota de cata: Tiene un color dorado y un aroma elegante, muy equilibrado, fino y suave, con notas de cereales, c\u00edtricos (lim\u00f3n) y regaliz. Se a\u00f1aden notas florales y de vainilla. En boca es dulce y ligeramente cremoso, confirmando las notas en [&hellip;]<\/p>\n","protected":false},"featured_media":18508,"template":"","meta":{"_monsterinsights_skip_tracking":false,"_monsterinsights_sitenote_active":false,"_monsterinsights_sitenote_note":"","_monsterinsights_sitenote_category":0},"product_brand":[],"product_cat":[187,188,192],"product_tag":[],"class_list":{"0":"post-8955","1":"product","2":"type-product","3":"status-publish","4":"has-post-thumbnail","6":"product_cat-destilados","7":"product_cat-tipo-es","8":"product_cat-whisky-es","10":"first","11":"instock","12":"taxable","13":"shipping-taxable","14":"purchasable","15":"product-type-simple"},"aioseo_notices":[],"_links":{"self":[{"href":"https:\/\/pwinecastes.com\/es\/wp-json\/wp\/v2\/product\/8955","targetHints":{"allow":["GET"]}}],"collection":[{"href":"https:\/\/pwinecastes.com\/es\/wp-json\/wp\/v2\/product"}],"about":[{"href":"https:\/\/pwinecastes.com\/es\/wp-json\/wp\/v2\/types\/product"}],"version-history":[{"count":0,"href":"https:\/\/pwinecastes.com\/es\/wp-json\/wp\/v2\/product\/8955\/revisions"}],"wp:featuredmedia":[{"embeddable":true,"href":"https:\/\/pwinecastes.com\/es\/wp-json\/wp\/v2\/media\/18508"}],"wp:attachment":[{"href":"https:\/\/pwinecastes.com\/es\/wp-json\/wp\/v2\/media?parent=8955"}],"wp:term":[{"taxonomy":"product_brand","embeddable":true,"href":"https:\/\/pwinecastes.com\/es\/wp-json\/wp\/v2\/product_brand?post=8955"},{"taxonomy":"product_cat","embeddable":true,"href":"https:\/\/pwinecastes.com\/es\/wp-json\/wp\/v2\/product_cat?post=8955"},{"taxonomy":"product_tag","embeddable":true,"href":"https:\/\/pwinecastes.com\/es\/wp-json\/wp\/v2\/product_tag?post=8955"}],"curies":[{"name":"wp","href":"https:\/\/api.w.org\/{rel}","templated":true}]}}