{"id":8960,"date":"2024-05-14T17:07:36","date_gmt":"2024-05-14T17:07:36","guid":{"rendered":"https:\/\/luxuryinportugal.com\/pwinecastes\/product\/bushmills-single-malt-16-anos\/"},"modified":"2024-05-21T17:44:47","modified_gmt":"2024-05-21T17:44:47","slug":"bushmills-single-malt-16-anos","status":"publish","type":"product","link":"https:\/\/pwinecastes.com\/es\/product\/bushmills-single-malt-16-anos\/","title":{"rendered":"Bushmills Single Malt 16 Anos"},"content":{"rendered":"<p>Whisky Bushmills Single Malt 16 Anos<\/p>\n<ul>\n<li><strong>Regi\u00f3n: <\/strong>Irlanda<\/li>\n<li><strong>Capacidad:<\/strong> 70 cL<\/li>\n<li><strong>Graduaci\u00f3n alcoh\u00f3lica: <\/strong>40%Vol.<\/li>\n<li><strong>Nota de cata: <\/strong>Un whisky de gran distinci\u00f3n, con notas de vainilla y especias mezcladas con toques de madera. Color oro viejo. En boca es elegante y fresco, con notas de cereza. Final largo, que recuerda a frutos secos y chocolate.<\/li>\n<li><strong>Otros datos:<\/strong> Contiene sulfitos.<\/li>\n<\/ul>\n","protected":false},"excerpt":{"rendered":"<p>Whisky Bushmills Single Malt 16 Anos Regi\u00f3n: Irlanda Capacidad: 70 cL Graduaci\u00f3n alcoh\u00f3lica: 40%Vol. Nota de cata: Un whisky de gran distinci\u00f3n, con notas de vainilla y especias mezcladas con toques de madera. Color oro viejo. En boca es elegante y fresco, con notas de cereza. Final largo, que recuerda a frutos secos y chocolate. [&hellip;]<\/p>\n","protected":false},"featured_media":11245,"template":"","meta":{"_monsterinsights_skip_tracking":false,"_monsterinsights_sitenote_active":false,"_monsterinsights_sitenote_note":"","_monsterinsights_sitenote_category":0},"product_brand":[],"product_cat":[187,188,192],"product_tag":[],"class_list":{"0":"post-8960","1":"product","2":"type-product","3":"status-publish","4":"has-post-thumbnail","6":"product_cat-destilados","7":"product_cat-tipo-es","8":"product_cat-whisky-es","10":"first","11":"instock","12":"taxable","13":"shipping-taxable","14":"purchasable","15":"product-type-simple"},"aioseo_notices":[],"_links":{"self":[{"href":"https:\/\/pwinecastes.com\/es\/wp-json\/wp\/v2\/product\/8960","targetHints":{"allow":["GET"]}}],"collection":[{"href":"https:\/\/pwinecastes.com\/es\/wp-json\/wp\/v2\/product"}],"about":[{"href":"https:\/\/pwinecastes.com\/es\/wp-json\/wp\/v2\/types\/product"}],"version-history":[{"count":0,"href":"https:\/\/pwinecastes.com\/es\/wp-json\/wp\/v2\/product\/8960\/revisions"}],"wp:featuredmedia":[{"embeddable":true,"href":"https:\/\/pwinecastes.com\/es\/wp-json\/wp\/v2\/media\/11245"}],"wp:attachment":[{"href":"https:\/\/pwinecastes.com\/es\/wp-json\/wp\/v2\/media?parent=8960"}],"wp:term":[{"taxonomy":"product_brand","embeddable":true,"href":"https:\/\/pwinecastes.com\/es\/wp-json\/wp\/v2\/product_brand?post=8960"},{"taxonomy":"product_cat","embeddable":true,"href":"https:\/\/pwinecastes.com\/es\/wp-json\/wp\/v2\/product_cat?post=8960"},{"taxonomy":"product_tag","embeddable":true,"href":"https:\/\/pwinecastes.com\/es\/wp-json\/wp\/v2\/product_tag?post=8960"}],"curies":[{"name":"wp","href":"https:\/\/api.w.org\/{rel}","templated":true}]}}