{"id":8965,"date":"2024-05-14T17:18:30","date_gmt":"2024-05-14T17:18:30","guid":{"rendered":"https:\/\/luxuryinportugal.com\/pwinecastes\/product\/caldas-blanco\/"},"modified":"2024-05-20T16:49:37","modified_gmt":"2024-05-20T16:49:37","slug":"caldas-blanco","status":"publish","type":"product","link":"https:\/\/pwinecastes.com\/es\/product\/caldas-blanco\/","title":{"rendered":"Caldas Blanco"},"content":{"rendered":"<p>Vinho do Porto Caldas White<\/p>\n<ul>\n<li><strong>Regi\u00f3n: <\/strong>Douro, Portugal<\/li>\n<li><strong>Capacidad:<\/strong> 75 cL<\/li>\n<li><strong>Cepas:<\/strong> Malvasia-Fina, Viosinho, Gouveio e outras.<\/li>\n<li><strong>Graduaci\u00f3n alcoh\u00f3lica: <\/strong>19,%Vol.<\/li>\n<li><strong>Notas de cata: <\/strong>Color cobre. Aromas de caramelo y mermelada, pero con un refrescante car\u00e1cter c\u00edtrico. Aterciopelado, muy arom\u00e1tico.<\/li>\n<li><strong>Armonizaci\u00f3n: <\/strong>Tarta de pera y almendras al horno; Quesos azules. Pasteles de Bel\u00e9n. Perfecto con la reposter\u00eda portuguesa rica en huevo.<\/li>\n<li><strong>Otros datos:<\/strong> Contiene sulfitos.<\/li>\n<\/ul>\n","protected":false},"excerpt":{"rendered":"<p>Vinho do Porto Caldas White Regi\u00f3n: Douro, Portugal Capacidad: 75 cL Cepas: Malvasia-Fina, Viosinho, Gouveio e outras. Graduaci\u00f3n alcoh\u00f3lica: 19,%Vol. Notas de cata: Color cobre. Aromas de caramelo y mermelada, pero con un refrescante car\u00e1cter c\u00edtrico. Aterciopelado, muy arom\u00e1tico. Armonizaci\u00f3n: Tarta de pera y almendras al horno; Quesos azules. Pasteles de Bel\u00e9n. Perfecto con la [&hellip;]<\/p>\n","protected":false},"featured_media":11254,"template":"","meta":{"_monsterinsights_skip_tracking":false,"_monsterinsights_sitenote_active":false,"_monsterinsights_sitenote_note":"","_monsterinsights_sitenote_category":0},"product_brand":[],"product_cat":[362,225,209,212],"product_tag":[],"class_list":{"0":"post-8965","1":"product","2":"type-product","3":"status-publish","4":"has-post-thumbnail","6":"product_cat-blanco-es-8","7":"product_cat-oporto","8":"product_cat-pais-es-2","9":"product_cat-portugal-es-2","11":"first","12":"instock","13":"taxable","14":"shipping-taxable","15":"purchasable","16":"product-type-simple"},"aioseo_notices":[],"_links":{"self":[{"href":"https:\/\/pwinecastes.com\/es\/wp-json\/wp\/v2\/product\/8965","targetHints":{"allow":["GET"]}}],"collection":[{"href":"https:\/\/pwinecastes.com\/es\/wp-json\/wp\/v2\/product"}],"about":[{"href":"https:\/\/pwinecastes.com\/es\/wp-json\/wp\/v2\/types\/product"}],"version-history":[{"count":0,"href":"https:\/\/pwinecastes.com\/es\/wp-json\/wp\/v2\/product\/8965\/revisions"}],"wp:featuredmedia":[{"embeddable":true,"href":"https:\/\/pwinecastes.com\/es\/wp-json\/wp\/v2\/media\/11254"}],"wp:attachment":[{"href":"https:\/\/pwinecastes.com\/es\/wp-json\/wp\/v2\/media?parent=8965"}],"wp:term":[{"taxonomy":"product_brand","embeddable":true,"href":"https:\/\/pwinecastes.com\/es\/wp-json\/wp\/v2\/product_brand?post=8965"},{"taxonomy":"product_cat","embeddable":true,"href":"https:\/\/pwinecastes.com\/es\/wp-json\/wp\/v2\/product_cat?post=8965"},{"taxonomy":"product_tag","embeddable":true,"href":"https:\/\/pwinecastes.com\/es\/wp-json\/wp\/v2\/product_tag?post=8965"}],"curies":[{"name":"wp","href":"https:\/\/api.w.org\/{rel}","templated":true}]}}