{"id":8970,"date":"2024-05-14T17:25:36","date_gmt":"2024-05-14T17:25:36","guid":{"rendered":"https:\/\/luxuryinportugal.com\/pwinecastes\/product\/camus-vs\/"},"modified":"2024-05-14T17:25:36","modified_gmt":"2024-05-14T17:25:36","slug":"camus-vs","status":"publish","type":"product","link":"https:\/\/pwinecastes.com\/es\/product\/camus-vs\/","title":{"rendered":"Camus VS"},"content":{"rendered":"<p>Cognac Camus VS<\/p>\n<ul>\n<li><strong>Regi\u00f3n: <\/strong>Francia<\/li>\n<li><strong>Capacidad:<\/strong> 75 cL<\/li>\n<li><strong>Graduaci\u00f3n alcoh\u00f3lica: <\/strong>40%Vol.<\/li>\n<li><strong>Nota de cata:<\/strong> Personalidad muy fiel a los aromas originales del vino y sabores afrutados y delicados con notas florales. Durante el proceso de destilaci\u00f3n, nuestro maestro bodeguero se esfuerza constantemente por conseguir el car\u00e1cter arom\u00e1tico extremadamente pronunciado t\u00edpico del estilo Camus.<\/li>\n<li><strong>Otros datos:<\/strong> Contiene sulfitos.<\/li>\n<\/ul>\n","protected":false},"excerpt":{"rendered":"<p>Cognac Camus VS Regi\u00f3n: Francia Capacidad: 75 cL Graduaci\u00f3n alcoh\u00f3lica: 40%Vol. Nota de cata: Personalidad muy fiel a los aromas originales del vino y sabores afrutados y delicados con notas florales. Durante el proceso de destilaci\u00f3n, nuestro maestro bodeguero se esfuerza constantemente por conseguir el car\u00e1cter arom\u00e1tico extremadamente pronunciado t\u00edpico del estilo Camus. Otros datos: [&hellip;]<\/p>\n","protected":false},"featured_media":11262,"template":"","meta":{"_monsterinsights_skip_tracking":false,"_monsterinsights_sitenote_active":false,"_monsterinsights_sitenote_note":"","_monsterinsights_sitenote_category":0},"product_brand":[],"product_cat":[193,187,188],"product_tag":[],"class_list":{"0":"post-8970","1":"product","2":"type-product","3":"status-publish","4":"has-post-thumbnail","6":"product_cat-cognac-es","7":"product_cat-destilados","8":"product_cat-tipo-es","10":"first","11":"instock","12":"taxable","13":"shipping-taxable","14":"purchasable","15":"product-type-simple"},"aioseo_notices":[],"_links":{"self":[{"href":"https:\/\/pwinecastes.com\/es\/wp-json\/wp\/v2\/product\/8970","targetHints":{"allow":["GET"]}}],"collection":[{"href":"https:\/\/pwinecastes.com\/es\/wp-json\/wp\/v2\/product"}],"about":[{"href":"https:\/\/pwinecastes.com\/es\/wp-json\/wp\/v2\/types\/product"}],"version-history":[{"count":0,"href":"https:\/\/pwinecastes.com\/es\/wp-json\/wp\/v2\/product\/8970\/revisions"}],"wp:featuredmedia":[{"embeddable":true,"href":"https:\/\/pwinecastes.com\/es\/wp-json\/wp\/v2\/media\/11262"}],"wp:attachment":[{"href":"https:\/\/pwinecastes.com\/es\/wp-json\/wp\/v2\/media?parent=8970"}],"wp:term":[{"taxonomy":"product_brand","embeddable":true,"href":"https:\/\/pwinecastes.com\/es\/wp-json\/wp\/v2\/product_brand?post=8970"},{"taxonomy":"product_cat","embeddable":true,"href":"https:\/\/pwinecastes.com\/es\/wp-json\/wp\/v2\/product_cat?post=8970"},{"taxonomy":"product_tag","embeddable":true,"href":"https:\/\/pwinecastes.com\/es\/wp-json\/wp\/v2\/product_tag?post=8970"}],"curies":[{"name":"wp","href":"https:\/\/api.w.org\/{rel}","templated":true}]}}