{"id":8980,"date":"2024-05-15T09:54:46","date_gmt":"2024-05-15T09:54:46","guid":{"rendered":"https:\/\/luxuryinportugal.com\/pwinecastes\/product\/cardhu-15-anos\/"},"modified":"2024-05-15T09:54:46","modified_gmt":"2024-05-15T09:54:46","slug":"cardhu-15-anos","status":"publish","type":"product","link":"https:\/\/pwinecastes.com\/es\/product\/cardhu-15-anos\/","title":{"rendered":"Cardhu 15 a\u00f1os"},"content":{"rendered":"<p>Whisky Cardhu 15 Anos<\/p>\n<ul>\n<li><strong>Regi\u00f3n: <\/strong>Escocia<\/li>\n<li><strong>Capacidad:<\/strong> 70 cl<\/li>\n<li><strong>Graduaci\u00f3n alcoh\u00f3lica:<\/strong> 40% Vol.<\/li>\n<li><strong>Nota de cata: <\/strong>Aroma suave con notas de vainilla y frutas tropicales. Picante, refrescante y dulce, con caramelo, chocolate y leche cremosa. Final suave y ligeramente seco, con regusto ahumado.<\/li>\n<li><strong>Maridaje: <\/strong>Combina bien con trufas de chocolate y fresas.<\/li>\n<li><strong>Informaci\u00f3n adicional<\/strong> Contiene sulfitos<\/li>\n<\/ul>\n","protected":false},"excerpt":{"rendered":"<p>Whisky Cardhu 15 Anos Regi\u00f3n: Escocia Capacidad: 70 cl Graduaci\u00f3n alcoh\u00f3lica: 40% Vol. Nota de cata: Aroma suave con notas de vainilla y frutas tropicales. Picante, refrescante y dulce, con caramelo, chocolate y leche cremosa. Final suave y ligeramente seco, con regusto ahumado. Maridaje: Combina bien con trufas de chocolate y fresas. Informaci\u00f3n adicional Contiene [&hellip;]<\/p>\n","protected":false},"featured_media":11284,"template":"","meta":{"_monsterinsights_skip_tracking":false,"_monsterinsights_sitenote_active":false,"_monsterinsights_sitenote_note":"","_monsterinsights_sitenote_category":0},"product_brand":[],"product_cat":[187,188,192],"product_tag":[],"class_list":{"0":"post-8980","1":"product","2":"type-product","3":"status-publish","4":"has-post-thumbnail","6":"product_cat-destilados","7":"product_cat-tipo-es","8":"product_cat-whisky-es","10":"first","11":"instock","12":"taxable","13":"shipping-taxable","14":"purchasable","15":"product-type-simple"},"aioseo_notices":[],"_links":{"self":[{"href":"https:\/\/pwinecastes.com\/es\/wp-json\/wp\/v2\/product\/8980","targetHints":{"allow":["GET"]}}],"collection":[{"href":"https:\/\/pwinecastes.com\/es\/wp-json\/wp\/v2\/product"}],"about":[{"href":"https:\/\/pwinecastes.com\/es\/wp-json\/wp\/v2\/types\/product"}],"version-history":[{"count":0,"href":"https:\/\/pwinecastes.com\/es\/wp-json\/wp\/v2\/product\/8980\/revisions"}],"wp:featuredmedia":[{"embeddable":true,"href":"https:\/\/pwinecastes.com\/es\/wp-json\/wp\/v2\/media\/11284"}],"wp:attachment":[{"href":"https:\/\/pwinecastes.com\/es\/wp-json\/wp\/v2\/media?parent=8980"}],"wp:term":[{"taxonomy":"product_brand","embeddable":true,"href":"https:\/\/pwinecastes.com\/es\/wp-json\/wp\/v2\/product_brand?post=8980"},{"taxonomy":"product_cat","embeddable":true,"href":"https:\/\/pwinecastes.com\/es\/wp-json\/wp\/v2\/product_cat?post=8980"},{"taxonomy":"product_tag","embeddable":true,"href":"https:\/\/pwinecastes.com\/es\/wp-json\/wp\/v2\/product_tag?post=8980"}],"curies":[{"name":"wp","href":"https:\/\/api.w.org\/{rel}","templated":true}]}}