{"id":8989,"date":"2024-05-15T14:22:50","date_gmt":"2024-05-15T14:22:50","guid":{"rendered":"https:\/\/luxuryinportugal.com\/pwinecastes\/product\/chivas-12-anos\/"},"modified":"2024-05-21T17:50:42","modified_gmt":"2024-05-21T17:50:42","slug":"chivas-12-anos","status":"publish","type":"product","link":"https:\/\/pwinecastes.com\/es\/product\/chivas-12-anos\/","title":{"rendered":"Chivas 12 Anos"},"content":{"rendered":"<p>Whisky Chivas 12 a\u00f1os<\/p>\n<ul>\n<li><strong>Regi\u00f3n: <\/strong>Escocia<\/li>\n<li><strong>Capacidad:<\/strong> 70 cl<\/li>\n<li><strong>Graduaci\u00f3n alcoh\u00f3lica:<\/strong> 40% Vol.<\/li>\n<li><strong>Notas de cata:<\/strong> Una infusi\u00f3n arom\u00e1tica de plantas silvestres, brezos, miel y frutos de la huerta.. Redondo y cremoso, con un sabor pleno y rico a miel y peras maduras, con toques de vainilla, avellana y caramelo.<\/li>\n<li><strong>Informaci\u00f3n adicional:<\/strong>\u00a0Contiene sulfitos<\/li>\n<\/ul>\n","protected":false},"excerpt":{"rendered":"<p>Whisky Chivas 12 a\u00f1os Regi\u00f3n: Escocia Capacidad: 70 cl Graduaci\u00f3n alcoh\u00f3lica: 40% Vol. Notas de cata: Una infusi\u00f3n arom\u00e1tica de plantas silvestres, brezos, miel y frutos de la huerta.. Redondo y cremoso, con un sabor pleno y rico a miel y peras maduras, con toques de vainilla, avellana y caramelo. Informaci\u00f3n adicional:\u00a0Contiene sulfitos<\/p>\n","protected":false},"featured_media":11330,"template":"","meta":{"_monsterinsights_skip_tracking":false,"_monsterinsights_sitenote_active":false,"_monsterinsights_sitenote_note":"","_monsterinsights_sitenote_category":0},"product_brand":[],"product_cat":[187,188,192],"product_tag":[],"class_list":{"0":"post-8989","1":"product","2":"type-product","3":"status-publish","4":"has-post-thumbnail","6":"product_cat-destilados","7":"product_cat-tipo-es","8":"product_cat-whisky-es","10":"first","11":"instock","12":"taxable","13":"shipping-taxable","14":"purchasable","15":"product-type-simple"},"aioseo_notices":[],"_links":{"self":[{"href":"https:\/\/pwinecastes.com\/es\/wp-json\/wp\/v2\/product\/8989","targetHints":{"allow":["GET"]}}],"collection":[{"href":"https:\/\/pwinecastes.com\/es\/wp-json\/wp\/v2\/product"}],"about":[{"href":"https:\/\/pwinecastes.com\/es\/wp-json\/wp\/v2\/types\/product"}],"version-history":[{"count":0,"href":"https:\/\/pwinecastes.com\/es\/wp-json\/wp\/v2\/product\/8989\/revisions"}],"wp:featuredmedia":[{"embeddable":true,"href":"https:\/\/pwinecastes.com\/es\/wp-json\/wp\/v2\/media\/11330"}],"wp:attachment":[{"href":"https:\/\/pwinecastes.com\/es\/wp-json\/wp\/v2\/media?parent=8989"}],"wp:term":[{"taxonomy":"product_brand","embeddable":true,"href":"https:\/\/pwinecastes.com\/es\/wp-json\/wp\/v2\/product_brand?post=8989"},{"taxonomy":"product_cat","embeddable":true,"href":"https:\/\/pwinecastes.com\/es\/wp-json\/wp\/v2\/product_cat?post=8989"},{"taxonomy":"product_tag","embeddable":true,"href":"https:\/\/pwinecastes.com\/es\/wp-json\/wp\/v2\/product_tag?post=8989"}],"curies":[{"name":"wp","href":"https:\/\/api.w.org\/{rel}","templated":true}]}}