{"id":9006,"date":"2024-05-15T17:09:09","date_gmt":"2024-05-15T17:09:09","guid":{"rendered":"https:\/\/luxuryinportugal.com\/pwinecastes\/product\/conceito-by-barbeito\/"},"modified":"2024-05-20T09:39:10","modified_gmt":"2024-05-20T09:39:10","slug":"conceito-by-barbeito","status":"publish","type":"product","link":"https:\/\/pwinecastes.com\/es\/product\/conceito-by-barbeito\/","title":{"rendered":"Conceito by Barbeito"},"content":{"rendered":"<p>Vinho do Porto Conceito by Barbeito Branco<\/p>\n<ul>\n<li><strong>Regi\u00f3n: <\/strong>Douro<\/li>\n<li><strong>Capacidade:<\/strong> 50cl.<\/li>\n<li><strong>Variedades de <\/strong>uva<strong>: <\/strong>Rabigato, C\u00f3dega, C\u00f3dega do Larinho, Gouveio, Donzelinho Branco, Arinto, Folgaz\u00e3o, Boal.<\/li>\n<li><strong>Contenido de alcohol: <\/strong>19% Vol.<\/li>\n<li><strong>Notas de cata:<\/strong> \u00c9 perfumado, opulento, rico, sedutor e t\u00e3o fresco. Est\u00e1 cheio de frutas frescas e tem muita concentra\u00e7\u00e3o equilibrada por uma acidez maravilhosa.<\/li>\n<li><strong>Otros datos:<\/strong> Contiene sulfitos.<\/li>\n<\/ul>\n","protected":false},"excerpt":{"rendered":"<p>Vinho do Porto Conceito by Barbeito Branco Regi\u00f3n: Douro Capacidade: 50cl. Variedades de uva: Rabigato, C\u00f3dega, C\u00f3dega do Larinho, Gouveio, Donzelinho Branco, Arinto, Folgaz\u00e3o, Boal. Contenido de alcohol: 19% Vol. Notas de cata: \u00c9 perfumado, opulento, rico, sedutor e t\u00e3o fresco. Est\u00e1 cheio de frutas frescas e tem muita concentra\u00e7\u00e3o equilibrada por uma acidez maravilhosa. [&hellip;]<\/p>\n","protected":false},"featured_media":11359,"template":"","meta":{"_monsterinsights_skip_tracking":false,"_monsterinsights_sitenote_active":false,"_monsterinsights_sitenote_note":"","_monsterinsights_sitenote_category":0},"product_brand":[],"product_cat":[362,225,209,212],"product_tag":[],"class_list":{"0":"post-9006","1":"product","2":"type-product","3":"status-publish","4":"has-post-thumbnail","6":"product_cat-blanco-es-8","7":"product_cat-oporto","8":"product_cat-pais-es-2","9":"product_cat-portugal-es-2","11":"first","12":"instock","13":"taxable","14":"shipping-taxable","15":"purchasable","16":"product-type-simple"},"aioseo_notices":[],"_links":{"self":[{"href":"https:\/\/pwinecastes.com\/es\/wp-json\/wp\/v2\/product\/9006","targetHints":{"allow":["GET"]}}],"collection":[{"href":"https:\/\/pwinecastes.com\/es\/wp-json\/wp\/v2\/product"}],"about":[{"href":"https:\/\/pwinecastes.com\/es\/wp-json\/wp\/v2\/types\/product"}],"version-history":[{"count":0,"href":"https:\/\/pwinecastes.com\/es\/wp-json\/wp\/v2\/product\/9006\/revisions"}],"wp:featuredmedia":[{"embeddable":true,"href":"https:\/\/pwinecastes.com\/es\/wp-json\/wp\/v2\/media\/11359"}],"wp:attachment":[{"href":"https:\/\/pwinecastes.com\/es\/wp-json\/wp\/v2\/media?parent=9006"}],"wp:term":[{"taxonomy":"product_brand","embeddable":true,"href":"https:\/\/pwinecastes.com\/es\/wp-json\/wp\/v2\/product_brand?post=9006"},{"taxonomy":"product_cat","embeddable":true,"href":"https:\/\/pwinecastes.com\/es\/wp-json\/wp\/v2\/product_cat?post=9006"},{"taxonomy":"product_tag","embeddable":true,"href":"https:\/\/pwinecastes.com\/es\/wp-json\/wp\/v2\/product_tag?post=9006"}],"curies":[{"name":"wp","href":"https:\/\/api.w.org\/{rel}","templated":true}]}}