{"id":9046,"date":"2024-05-16T10:40:56","date_gmt":"2024-05-16T10:40:56","guid":{"rendered":"https:\/\/luxuryinportugal.com\/pwinecastes\/product\/courvoisier-vs\/"},"modified":"2024-05-16T10:40:56","modified_gmt":"2024-05-16T10:40:56","slug":"courvoisier-vs","status":"publish","type":"product","link":"https:\/\/pwinecastes.com\/es\/product\/courvoisier-vs\/","title":{"rendered":"Courvoisier VS"},"content":{"rendered":"<p>Cognac Courvoisier VS<\/p>\n<ul>\n<li><strong>Regi\u00f3n:<\/strong> Francia<\/li>\n<li><strong>Capacidad:<\/strong> 70 cL<\/li>\n<li><strong>Graduaci\u00f3n alcoh\u00f3lica: <\/strong>40%.<\/li>\n<li><strong>Nota de cata:<\/strong> Armonioso con un sabor delicado y suave, con muchas notas afrutadas y aromas de madera fresca. Con un perfume delicioso y muy sutil.<\/li>\n<li><strong>Otros datos:<\/strong> Contiene sulfitos.<\/li>\n<\/ul>\n","protected":false},"excerpt":{"rendered":"<p>Cognac Courvoisier VS Regi\u00f3n: Francia Capacidad: 70 cL Graduaci\u00f3n alcoh\u00f3lica: 40%. Nota de cata: Armonioso con un sabor delicado y suave, con muchas notas afrutadas y aromas de madera fresca. Con un perfume delicioso y muy sutil. Otros datos: Contiene sulfitos.<\/p>\n","protected":false},"featured_media":11369,"template":"","meta":{"_monsterinsights_skip_tracking":false,"_monsterinsights_sitenote_active":false,"_monsterinsights_sitenote_note":"","_monsterinsights_sitenote_category":0},"product_brand":[],"product_cat":[193,187,188],"product_tag":[],"class_list":{"0":"post-9046","1":"product","2":"type-product","3":"status-publish","4":"has-post-thumbnail","6":"product_cat-cognac-es","7":"product_cat-destilados","8":"product_cat-tipo-es","10":"first","11":"instock","12":"taxable","13":"shipping-taxable","14":"purchasable","15":"product-type-simple"},"aioseo_notices":[],"_links":{"self":[{"href":"https:\/\/pwinecastes.com\/es\/wp-json\/wp\/v2\/product\/9046","targetHints":{"allow":["GET"]}}],"collection":[{"href":"https:\/\/pwinecastes.com\/es\/wp-json\/wp\/v2\/product"}],"about":[{"href":"https:\/\/pwinecastes.com\/es\/wp-json\/wp\/v2\/types\/product"}],"version-history":[{"count":0,"href":"https:\/\/pwinecastes.com\/es\/wp-json\/wp\/v2\/product\/9046\/revisions"}],"wp:featuredmedia":[{"embeddable":true,"href":"https:\/\/pwinecastes.com\/es\/wp-json\/wp\/v2\/media\/11369"}],"wp:attachment":[{"href":"https:\/\/pwinecastes.com\/es\/wp-json\/wp\/v2\/media?parent=9046"}],"wp:term":[{"taxonomy":"product_brand","embeddable":true,"href":"https:\/\/pwinecastes.com\/es\/wp-json\/wp\/v2\/product_brand?post=9046"},{"taxonomy":"product_cat","embeddable":true,"href":"https:\/\/pwinecastes.com\/es\/wp-json\/wp\/v2\/product_cat?post=9046"},{"taxonomy":"product_tag","embeddable":true,"href":"https:\/\/pwinecastes.com\/es\/wp-json\/wp\/v2\/product_tag?post=9046"}],"curies":[{"name":"wp","href":"https:\/\/api.w.org\/{rel}","templated":true}]}}