{"id":9056,"date":"2024-05-16T17:15:34","date_gmt":"2024-05-16T17:15:34","guid":{"rendered":"https:\/\/luxuryinportugal.com\/pwinecastes\/product\/croft-vintage-2003\/"},"modified":"2024-05-22T09:36:53","modified_gmt":"2024-05-22T09:36:53","slug":"croft-vintage-2003","status":"publish","type":"product","link":"https:\/\/pwinecastes.com\/es\/product\/croft-vintage-2003\/","title":{"rendered":"Croft Vintage 2003"},"content":{"rendered":"<p>Vinho do Porto Croft Vintage 2003<\/p>\n<ul>\n<li><strong>Regi\u00f3n: <\/strong>Douro, Portugal<\/li>\n<li><strong>Capacidad:<\/strong> 75 cL<\/li>\n<li><strong>Contenido de alcohol: <\/strong>20,5%Vol.<\/li>\n<li><strong>Nota de cata:<\/strong> N\u00facleo opaco con un brillante halo rub\u00ed. O nariz explode a partir do copo: amora, mirtilo, violetas, orvalho da manh\u00e3 e cassis, todos com uma fant\u00e1stica defini\u00e7\u00e3o. En boca es corpulento, magn\u00edfico y majestuoso, con mejor definici\u00f3n y enfoque que el Oporto antiguo. Moras, ar\u00e1ndanos, esa sensaci\u00f3n de mineralidad que recorre el final, con un alcohol imperceptible que se cuela. Grande finura no final. Croft recupera su antiguo esplendor.<\/li>\n<li><strong>Armonizaci\u00f3n: <\/strong>Postres a base de chocolate negro.<\/li>\n<li><strong>Otros datos:<\/strong> Contiene sulfitos.<\/li>\n<\/ul>\n","protected":false},"excerpt":{"rendered":"<p>Vinho do Porto Croft Vintage 2003 Regi\u00f3n: Douro, Portugal Capacidad: 75 cL Contenido de alcohol: 20,5%Vol. Nota de cata: N\u00facleo opaco con un brillante halo rub\u00ed. O nariz explode a partir do copo: amora, mirtilo, violetas, orvalho da manh\u00e3 e cassis, todos com uma fant\u00e1stica defini\u00e7\u00e3o. En boca es corpulento, magn\u00edfico y majestuoso, con mejor [&hellip;]<\/p>\n","protected":false},"featured_media":11397,"template":"","meta":{"_monsterinsights_skip_tracking":false,"_monsterinsights_sitenote_active":false,"_monsterinsights_sitenote_note":"","_monsterinsights_sitenote_category":0},"product_brand":[],"product_cat":[225,209,212,360],"product_tag":[],"class_list":{"0":"post-9056","1":"product","2":"type-product","3":"status-publish","4":"has-post-thumbnail","6":"product_cat-oporto","7":"product_cat-pais-es-2","8":"product_cat-portugal-es-2","9":"product_cat-vintage-es","11":"first","12":"instock","13":"taxable","14":"shipping-taxable","15":"purchasable","16":"product-type-simple"},"aioseo_notices":[],"_links":{"self":[{"href":"https:\/\/pwinecastes.com\/es\/wp-json\/wp\/v2\/product\/9056","targetHints":{"allow":["GET"]}}],"collection":[{"href":"https:\/\/pwinecastes.com\/es\/wp-json\/wp\/v2\/product"}],"about":[{"href":"https:\/\/pwinecastes.com\/es\/wp-json\/wp\/v2\/types\/product"}],"version-history":[{"count":0,"href":"https:\/\/pwinecastes.com\/es\/wp-json\/wp\/v2\/product\/9056\/revisions"}],"wp:featuredmedia":[{"embeddable":true,"href":"https:\/\/pwinecastes.com\/es\/wp-json\/wp\/v2\/media\/11397"}],"wp:attachment":[{"href":"https:\/\/pwinecastes.com\/es\/wp-json\/wp\/v2\/media?parent=9056"}],"wp:term":[{"taxonomy":"product_brand","embeddable":true,"href":"https:\/\/pwinecastes.com\/es\/wp-json\/wp\/v2\/product_brand?post=9056"},{"taxonomy":"product_cat","embeddable":true,"href":"https:\/\/pwinecastes.com\/es\/wp-json\/wp\/v2\/product_cat?post=9056"},{"taxonomy":"product_tag","embeddable":true,"href":"https:\/\/pwinecastes.com\/es\/wp-json\/wp\/v2\/product_tag?post=9056"}],"curies":[{"name":"wp","href":"https:\/\/api.w.org\/{rel}","templated":true}]}}