{"id":9061,"date":"2024-05-16T17:25:13","date_gmt":"2024-05-16T17:25:13","guid":{"rendered":"https:\/\/luxuryinportugal.com\/pwinecastes\/product\/croft-vintage-2016\/"},"modified":"2024-05-22T09:48:14","modified_gmt":"2024-05-22T09:48:14","slug":"croft-vintage-2016","status":"publish","type":"product","link":"https:\/\/pwinecastes.com\/es\/product\/croft-vintage-2016\/","title":{"rendered":"Croft Vintage 2016"},"content":{"rendered":"<p>Vinho do Porto Croft Vintage 2016<\/p>\n<ul>\n<li><strong>Regi\u00f3n:<\/strong> Douro, Portugal<\/li>\n<li><strong>Capacidad:<\/strong> 75 cL<\/li>\n<li><strong>Cepas: <\/strong>Tinta Roriz, Touriga Franca, Touriga Nacional<\/li>\n<li><strong>Contenido de alcohol: <\/strong>20,5%Vol.<\/li>\n<li><strong>Nota de cata:<\/strong> Color rub\u00ed intenso con un vivo borde p\u00farpura. En nariz se aprecia un afrutado de fresas y grosellas negras maduras y notas resinosas de jara y eucalipto que son la esencia del estilo Croft. O paladar abre com uma vaga de deliciosos sabores a frutos silvestres e \u00e9 suportado por uma densa trama de taninos muito unidos. Aunque el vino muestra algo del car\u00e1cter pleno y voluptuoso de a\u00f1adas anteriores de Croft, el car\u00e1cter dominante es la simetr\u00eda y la finura. La caracter\u00edstica fruta exuberante y los embriagadores aromas herb\u00e1ceos est\u00e1n cuidadosamente integrados, haciendo de este vino un cl\u00e1sico en sus proporciones. Un Oporto Vintage elegante y arom\u00e1tico, perfectamente equilibrado entre opulencia y moderaci\u00f3n.<\/li>\n<li><strong>Armonizaci\u00f3n: <\/strong>Postres de chocolate negro<\/li>\n<li><strong>Otros datos:<\/strong> Contiene sulfitos.<\/li>\n<\/ul>\n","protected":false},"excerpt":{"rendered":"<p>Vinho do Porto Croft Vintage 2016 Regi\u00f3n: Douro, Portugal Capacidad: 75 cL Cepas: Tinta Roriz, Touriga Franca, Touriga Nacional Contenido de alcohol: 20,5%Vol. Nota de cata: Color rub\u00ed intenso con un vivo borde p\u00farpura. En nariz se aprecia un afrutado de fresas y grosellas negras maduras y notas resinosas de jara y eucalipto que son [&hellip;]<\/p>\n","protected":false},"featured_media":11403,"template":"","meta":{"_monsterinsights_skip_tracking":false,"_monsterinsights_sitenote_active":false,"_monsterinsights_sitenote_note":"","_monsterinsights_sitenote_category":0},"product_brand":[],"product_cat":[225,209,212,360],"product_tag":[],"class_list":{"0":"post-9061","1":"product","2":"type-product","3":"status-publish","4":"has-post-thumbnail","6":"product_cat-oporto","7":"product_cat-pais-es-2","8":"product_cat-portugal-es-2","9":"product_cat-vintage-es","11":"first","12":"instock","13":"taxable","14":"shipping-taxable","15":"purchasable","16":"product-type-simple"},"aioseo_notices":[],"_links":{"self":[{"href":"https:\/\/pwinecastes.com\/es\/wp-json\/wp\/v2\/product\/9061","targetHints":{"allow":["GET"]}}],"collection":[{"href":"https:\/\/pwinecastes.com\/es\/wp-json\/wp\/v2\/product"}],"about":[{"href":"https:\/\/pwinecastes.com\/es\/wp-json\/wp\/v2\/types\/product"}],"version-history":[{"count":0,"href":"https:\/\/pwinecastes.com\/es\/wp-json\/wp\/v2\/product\/9061\/revisions"}],"wp:featuredmedia":[{"embeddable":true,"href":"https:\/\/pwinecastes.com\/es\/wp-json\/wp\/v2\/media\/11403"}],"wp:attachment":[{"href":"https:\/\/pwinecastes.com\/es\/wp-json\/wp\/v2\/media?parent=9061"}],"wp:term":[{"taxonomy":"product_brand","embeddable":true,"href":"https:\/\/pwinecastes.com\/es\/wp-json\/wp\/v2\/product_brand?post=9061"},{"taxonomy":"product_cat","embeddable":true,"href":"https:\/\/pwinecastes.com\/es\/wp-json\/wp\/v2\/product_cat?post=9061"},{"taxonomy":"product_tag","embeddable":true,"href":"https:\/\/pwinecastes.com\/es\/wp-json\/wp\/v2\/product_tag?post=9061"}],"curies":[{"name":"wp","href":"https:\/\/api.w.org\/{rel}","templated":true}]}}